{"id":1096,"date":"2023-10-04T14:09:20","date_gmt":"2023-10-04T12:09:20","guid":{"rendered":"http:\/\/serwer103124.lh.pl\/autoinstalator\/serwer103124.lh.pl\/wordpress35182\/?page_id=1096"},"modified":"2026-04-16T14:02:06","modified_gmt":"2026-04-16T12:02:06","slug":"sposob-montazu-lamele-elewacyjne-dekoracyjne","status":"publish","type":"page","link":"https:\/\/wolszon.pl\/index.php\/sposob-montazu-lamele-elewacyjne-dekoracyjne\/","title":{"rendered":"Spos\u00f3b monta\u017cu. Lamele Elewacyjne Dekoracyjne"},"content":{"rendered":"\t\t<div data-elementor-type=\"wp-page\" data-elementor-id=\"1096\" class=\"elementor elementor-1096\">\n\t\t\t\t\t\t<section class=\"elementor-section elementor-top-section elementor-element elementor-element-9f2885f elementor-section-content-middle elementor-reverse-tablet elementor-reverse-mobile elementor-section-full_width elementor-section-height-default elementor-section-height-default\" data-id=\"9f2885f\" data-element_type=\"section\">\n\t\t\t\t\t\t<div class=\"elementor-container elementor-column-gap-default\">\n\t\t\t\t\t<div class=\"aux-parallax-section elementor-column elementor-col-50 elementor-top-column elementor-element elementor-element-e802d06\" data-id=\"e802d06\" data-element_type=\"column\">\n\t\t\t<div class=\"elementor-widget-wrap elementor-element-populated\">\n\t\t\t\t\t\t<div class=\"elementor-element elementor-element-60b1b22 aux-appear-watch-animation aux-fade-in-up-1 elementor-widget elementor-widget-aux_modern_heading\" data-id=\"60b1b22\" data-element_type=\"widget\" data-widget_type=\"aux_modern_heading.default\">\n\t\t\t\t<div class=\"elementor-widget-container\">\n\t\t\t<section class=\"aux-widget-modern-heading\">\n            <div class=\"aux-widget-inner\"><h2 class=\"aux-modern-heading-primary\">\u0141ATWY MONTA\u017b<\/h2><h3 class=\"aux-modern-heading-secondary\"><span class=\"aux-head-before\">Spos\u00f3b monta\u017cu<\/span><\/h3><\/div>\n        <\/section>\t\t<\/div>\n\t\t\t\t<\/div>\n\t\t\t\t<div class=\"elementor-element elementor-element-eea7fef aux-appear-watch-animation aux-fade-in-up-1 elementor-widget elementor-widget-aux_text\" data-id=\"eea7fef\" data-element_type=\"widget\" data-widget_type=\"aux_text.default\">\n\t\t\t\t<div class=\"elementor-widget-container\">\n\t\t\t<section class=\"widget-container aux-widget-text aux-parent-au065c65c5\">        <div class=\"aux-widget-advanced-text aux-wrap-style-simple aux-ico-pos-left aux-text-center aux-text-resp- aux-text-color-dark aux-text-widget-bg-center  aux-text-padding-fix \" >\n        \n                            <div class=\"aux-text-widget-header \"  >\n                        <div class=\"aux-ico-box aux-ico-large aux-ico-shape-circle aux-ico-clear \">\n                                                            <span class=\"aux-ico auxicon auxicon-light-bulb\" > <\/span>\n                                                    <\/div>\n                <\/div>\n            \n            <div class=\"aux-text-inner aux-text-widget-content\">\n                                <h4 class=\"col-title\">Swodoba monta\u017cu<\/h4>\n                                <div class=\"widget-content\">\n                                        <p>Lamele Elewacyjne Dekoracyjne to produkt, kt\u00f3rego monta\u017c jest bardzo \u0142atwy.<\/p>                <\/div>\n                            <\/div>\n        <\/div>\n                    <div class=\"aux-text-widget-footer\">\n                <div class=\"aux-border-shape-none \">\n                                <\/div>\n            <\/div>\n        \n<\/section><!-- widget-container -->\t\t<\/div>\n\t\t\t\t<\/div>\n\t\t\t\t<div class=\"elementor-element elementor-element-14b2a19 aux-appear-watch-animation aux-fade-in-up-1 elementor-widget elementor-widget-aux_text\" data-id=\"14b2a19\" data-element_type=\"widget\" data-widget_type=\"aux_text.default\">\n\t\t\t\t<div class=\"elementor-widget-container\">\n\t\t\t<section class=\"widget-container aux-widget-text aux-parent-au444403e3\">        <div class=\"aux-widget-advanced-text aux-wrap-style-simple aux-ico-pos-left aux-text-center aux-text-resp- aux-text-color-dark aux-text-widget-bg-center  aux-text-padding-fix \" >\n        \n                            <div class=\"aux-text-widget-header \"  >\n                        <div class=\"aux-ico-box aux-ico-large aux-ico-shape-circle aux-ico-clear \">\n                                                            <span class=\"aux-ico auxicon auxicon-connection-4\" > <\/span>\n                                                    <\/div>\n                <\/div>\n            \n            <div class=\"aux-text-inner aux-text-widget-content\">\n                                <h4 class=\"col-title\">Bez podkonstrukcji<\/h4>\n                                <div class=\"widget-content\">\n                                        <p>Nie potrzeba \u015brub ani dodatkowych wzmocnie\u0144, wystarczy klej, kt\u00f3ry daj\u0119 spor\u0105 swobod\u0119.<\/p>                <\/div>\n                            <\/div>\n        <\/div>\n                    <div class=\"aux-text-widget-footer\">\n                <div class=\"aux-border-shape-none \">\n                                <\/div>\n            <\/div>\n        \n<\/section><!-- widget-container -->\t\t<\/div>\n\t\t\t\t<\/div>\n\t\t\t\t<div class=\"elementor-element elementor-element-6a916d8 aux-appear-watch-animation aux-fade-in-up-1 elementor-widget elementor-widget-aux_text\" data-id=\"6a916d8\" data-element_type=\"widget\" data-widget_type=\"aux_text.default\">\n\t\t\t\t<div class=\"elementor-widget-container\">\n\t\t\t<section class=\"widget-container aux-widget-text aux-parent-aubfaebeba\">        <div class=\"aux-widget-advanced-text aux-wrap-style-simple aux-ico-pos-left aux-text-center aux-text-resp- aux-text-color-dark aux-text-widget-bg-center  aux-text-padding-fix \" >\n        \n                            <div class=\"aux-text-widget-header \"  >\n                        <div class=\"aux-ico-box aux-ico-large aux-ico-shape-circle aux-ico-clear \">\n                                                            <span class=\"aux-ico fas fa-question-circle\" > <\/span>\n                                                    <\/div>\n                <\/div>\n            \n            <div class=\"aux-text-inner aux-text-widget-content\">\n                                <h4 class=\"col-title\">Pomoc<\/h4>\n                                <div class=\"widget-content\">\n                                        <p>Ka\u017cdemu klientowi s\u0142u\u017cymy fachowym doradztwem w doborze odpowiedniego koloru<\/p><p>deski jak r\u00f3wnie\u017c udzielimy wszelkich informacji na temat sposobu monta\u017cu.<\/p>                <\/div>\n                            <\/div>\n        <\/div>\n                    <div class=\"aux-text-widget-footer\">\n                <div class=\"aux-border-shape-none \">\n                                <\/div>\n            <\/div>\n        \n<\/section><!-- widget-container -->\t\t<\/div>\n\t\t\t\t<\/div>\n\t\t\t\t\t<\/div>\n\t\t<\/div>\n\t\t\t\t<div class=\"aux-parallax-section elementor-column elementor-col-50 elementor-top-column elementor-element elementor-element-08bafce\" data-id=\"08bafce\" data-element_type=\"column\">\n\t\t\t<div class=\"elementor-widget-wrap elementor-element-populated\">\n\t\t\t\t\t\t<div class=\"elementor-element elementor-element-ab671f9 aux-appear-watch-animation aux-scale-up-1 elementor-widget elementor-widget-aux_image\" data-id=\"ab671f9\" data-element_type=\"widget\" data-widget_type=\"aux_image.default\">\n\t\t\t\t<div class=\"elementor-widget-container\">\n\t\t\t<section class=\"widget-container aux-widget-image aux-alignnone aux-parent-au2cfaac77\">\n    <div class=\"aux-media-hint-frame \">\n        <div class=\"aux-media-image \" >\n        \n            \n\n            \n            <img fetchpriority=\"high\" decoding=\"async\" width=\"2048\" height=\"957\" src=\"data:image\/gif;base64,R0lGODlhAQABAIAAAAAAAP\/\/\/yH5BAEAAAAALAAAAAABAAEAAAIBRAA7\" class=\"aux-attachment aux-featured-image aux-attachment-id-1240 aux-preload aux-blank\" alt=\"Lamele5\" data-ratio=\"2.14\" data-original-w=\"2048\" data-src=\"https:\/\/wolszon.pl\/wp-content\/uploads\/2023\/10\/Lamele5-2-e1696496036633.jpg\" \/>            \n                <\/div>\n    <\/div>\n\n<\/section><!-- widget-container -->\t\t<\/div>\n\t\t\t\t<\/div>\n\t\t\t\t\t<\/div>\n\t\t<\/div>\n\t\t\t\t\t<\/div>\n\t\t<\/section>\n\t\t\t\t<section class=\"elementor-section elementor-top-section elementor-element elementor-element-d05128c elementor-section-height-min-height aux-appear-watch-animation aux-mask-from-top elementor-section-full_width elementor-section-height-default elementor-section-items-middle\" data-id=\"d05128c\" data-element_type=\"section\" data-settings=\"{&quot;background_background&quot;:&quot;classic&quot;}\">\n\t\t\t\t\t\t<div class=\"elementor-container elementor-column-gap-default\">\n\t\t\t\t\t<div class=\"aux-parallax-section elementor-column elementor-col-100 elementor-top-column elementor-element elementor-element-cb42a16\" data-id=\"cb42a16\" data-element_type=\"column\">\n\t\t\t<div class=\"elementor-widget-wrap elementor-element-populated\">\n\t\t\t\t\t\t<div class=\"elementor-element elementor-element-13e77f4 elementor-widget elementor-widget-aux_accordion\" data-id=\"13e77f4\" data-element_type=\"widget\" data-widget_type=\"aux_accordion.default\">\n\t\t\t\t<div class=\"elementor-widget-container\">\n\t\t\t<section class=\"widget-container aux-widget-accordion widget-toggle aux-parent-au906f2794\" style=\"\" ><div class=\"widget-inner  aux-type-toggle\" data-toggle=\"true\"><section class=\"aux-toggle-item\"><h5 id=\"aux-toggle-header-2081\" class=\"aux-toggle-header toggle-header\" tabindex=\"2081\" role=\"tab\" aria-controls=\"aux-toggle-content-2081\" >WARUNKI ATMOSFERYCZNE<\/h5><div id=\"aux-toggle-content-2081\" class=\"aux-toggle-content toggle-content\" tabindex=\"2081\" role=\"tabpanel\" aria-labelledby=\"aux-toggle-header-2081\" ><p><ol><li>MONTA\u017b ZALECAMY W TEMPERATURACH POWY\u017bEJ + 5 ST.C.<\/li><li>MONTA\u017bU NIE NALE\u017bY WYKONYWA\u0106 W PE\u0141NYM S\u0141O\u0143CU, GDY\u017b SZYBKIE WYSYCHANIE<br \/>KLEJU MO\u017bE SPOWODOWA\u0106 UTRAT\u0118 JEGO PARAMETR\u00d3W.<\/li><li>MONTA\u017bU R\u00d3WNIE\u017b NIE NALE\u017bY WYKONYWA\u0106 PODCZAS OPAD\u00d3W DESZCZU.<\/li><li>IDEALNE WARUNKI ATMOSFERYCZNE PODCZAS MONTA\u017bU TO UMIARKOWANE<br \/>NAS\u0141ONECZNIENIE, BRAK OPAD\u00d3W DESZCZU ORAZ TEMPERATURA + KILKANA\u015aCIE ST.C<\/li><\/ol><\/p><\/div><\/section><section class=\"aux-toggle-item\"><h5 id=\"aux-toggle-header-2082\" class=\"aux-toggle-header toggle-header\" tabindex=\"2082\" role=\"tab\" aria-controls=\"aux-toggle-content-2082\" >PRZYGOTOWANIE PO TRANSPORCIE <\/h5><div id=\"aux-toggle-content-2082\" class=\"aux-toggle-content toggle-content\" tabindex=\"2082\" role=\"tabpanel\" aria-labelledby=\"aux-toggle-header-2082\" ><p>1) PRZED WYJ\u0118CIEM I ROZPROSTOWANIEM LAMELI Z KARTONU ZOSTAWI\u0106 W POMIESZCZENIU Z TEMPERATUR\u0104 POKOJOW\u0104 +20 ST.C. NA OKRES 1 DOBY<\/p><p>2) PO ROZPROSTOWANIU MO\u017bNA PRZYST\u0104PI\u0106 DO MONTA\u017bU<\/p><\/div><\/section><section class=\"aux-toggle-item\"><h5 id=\"aux-toggle-header-2083\" class=\"aux-toggle-header toggle-header\" tabindex=\"2083\" role=\"tab\" aria-controls=\"aux-toggle-content-2083\" >PRZYGOTOWANIE POD\u0141O\u017bA<\/h5><div id=\"aux-toggle-content-2083\" class=\"aux-toggle-content toggle-content\" tabindex=\"2083\" role=\"tabpanel\" aria-labelledby=\"aux-toggle-header-2083\" ><p><ol><li>POWIERZCHNIE OCZY\u015aCI\u0106 Z WSZELKICH WYSTAJ\u0104CYCH NIER\u00d3WNO\u015aCI<\/li><li>ZAGRUNTOWA\u0106 POWIERZCHNIE<\/li><\/ol><\/p><\/div><\/section><section class=\"aux-toggle-item\"><h5 id=\"aux-toggle-header-2084\" class=\"aux-toggle-header toggle-header\" tabindex=\"2084\" role=\"tab\" aria-controls=\"aux-toggle-content-2084\" >NANOSZENIE KLEJU<\/h5><div id=\"aux-toggle-content-2084\" class=\"aux-toggle-content toggle-content\" tabindex=\"2084\" role=\"tabpanel\" aria-labelledby=\"aux-toggle-header-2084\" ><p><ol><li>KLEJ NANOSI\u0106 NA POWIERZCHNIE \u015aCIANY PAC\u0104 Z GRZEBIENIEM 4mm W POPRZEK<br \/>U\u0141O\u017bENIA LAMELI (NADMIAR KLEJU SPOWODUJE ROLOWANIE SI\u0118 GO PODCZAS DOCISKU CO<br \/>B\u0118DZIE SKUTKOWA\u0106 NIER\u00d3WNO\u015aCIAMI NA POWIERZNI LAMELA)<\/li><\/ol><\/p><\/div><\/section><section class=\"aux-toggle-item\"><h5 id=\"aux-toggle-header-2085\" class=\"aux-toggle-header toggle-header\" tabindex=\"2085\" role=\"tab\" aria-controls=\"aux-toggle-content-2085\" >PRZYKLEJANIE<\/h5><div id=\"aux-toggle-content-2085\" class=\"aux-toggle-content toggle-content\" tabindex=\"2085\" role=\"tabpanel\" aria-labelledby=\"aux-toggle-header-2085\" ><p><ol><li>NA NANIESIONY KLEJ PRZY\u0141O\u017bY\u0106 LAMEL I DOCISN\u0104\u0106 NA P\u0141ASKO LISTWA DOCISKOW\u0104.<br \/>UWAGA!!!!! ( PO DOCI\u015aNI\u0118CIU KLEJ POWINIEN ZNAJDOWAC SI\u0118 POD CA\u0141\u0104 POWIERZCHNI\u0104<br \/>LAMELA)<\/li><li>WYCHODZACY NADMIAR KLEJU \u015aCIAGN\u0104\u0106 GUMK\u0104 LUB SZPACHELKA DO USUWANIA SYLIKONU) A<br \/>EWENTUALN\u0104 UBRUDZON\u0104 POWIERZCHNIE LAMELA NA BIE\u017b\u0104CO ZMYWA\u0106 MOKR\u0104 G\u0104BK\u0104<br \/>(ZALECA SI\u0118 DOK\u0141ADNE ZMYCIE NADMIARU KLEJU GDY\u017b POZOSTA\u0141O\u015aCI KLEJU WP\u0141YN\u0104 NAM NA,<br \/>JAKO\u015a\u0106 DOCELOW\u0104)<\/li><li>POZOSTAWI\u0106 NA OKO\u0141O 72 H DO WYSCHNI\u0118CIA ZAK\u0141ADAJ\u0104C \u017bE TEMPERATURA SCHNI\u0118CIA TO<br \/>+20STOPNI I WILGOTNO\u015a\u0106 POWIETRZA 65%. (PRZY DU\u017bEJ WILGOTNO\u015aCI JAK I NISKIEJ<br \/>TEMPERATURZE CZAS TEN MO\u017bE SI\u0118 WYD\u0141U\u017bY\u0106 NAWET DO KLIKUNASTU DNI)<br \/>CZAS SCHNI\u0118CIA = ODPAROWANIEM WILGOCI SPOD LAMELA<\/li><li>DO MOMENTU UTWARDZENIA CHRONI\u0106 WARSTW\u0118 PRZED OPADAMI ATMOSFERYCZNYMI I<br \/>KONDENSACJ\u0104 WILGOCI.<\/li><li><b>\u00a0<\/b>UWAGA !!! PODCZAS KLEJENIA LAMELI PROSIMY ZWR\u00d3CI\u0106 UWAG\u0118 ,\u017bE WYST\u0118PUJ\u0104 4 R\u00d3\u017bNE RODZAJE US\u0141OJENIA .NALE\u017bY UK\u0141ADA\u0106 JE TAK,ABY NIE POWTARZA\u0106 WZORU OBOK SIEBIE .<\/li><\/ol><\/p><\/div><\/section><section class=\"aux-toggle-item\"><h5 id=\"aux-toggle-header-2086\" class=\"aux-toggle-header toggle-header\" tabindex=\"2086\" role=\"tab\" aria-controls=\"aux-toggle-content-2086\" >MALOWANIE BETONLASUREM<\/h5><div id=\"aux-toggle-content-2086\" class=\"aux-toggle-content toggle-content\" tabindex=\"2086\" role=\"tabpanel\" aria-labelledby=\"aux-toggle-header-2086\" ><p><ol><li>PIERWSZA WARSTW\u0118 NAK\u0141ADAMY ZA POMOC\u0104 P\u0118DZLA DOBRZE ROZCI\u0104GAJ\u0104C NADMIAR LAZURU<br \/>WZD\u0141U\u017b US\u0141OJENIA LAMELI ( A\u017bEBY NIE POWSTA\u0141Y WIDOCZNE ZATRZYMANIA P\u0118DZLA)<\/li><li>POZOSTAWI\u0106 DO CA\u0141KOWITEGO WYSCHNI\u0118CIA OKO\u0141O 4-7 GODZIN ( W ZALE\u017bNO\u015aCI OD<br \/>TEMPERATURY I POGODY NA ZEWN\u0104TRZ)<\/li><li>DRUG\u0104 WARSTW\u0118 NAK\u0141ADAMY ZA POMOC\u0104 P\u0118DZLA DOBRZE ROZCI\u0104GAJ\u0104C NADMIAR LAZURU<br \/>WZD\u0141U\u017b US\u0141OJENIA LAMELA ( A\u017bEBY NIE POWSTA\u0141Y WIDOCZNE ZATRZYMANIA P\u0118DZLA)<br \/>NAST\u0118PNIE MO\u017bEMY PRZETRZEC NADMIAR LAZURU Z POWIERZCHNI G\u0104BK\u0104<br \/>( DRUGI KOLOR POZOSTANIE W ZAG\u0141\u0118BIENIACH US\u0141OJENIA), ( CO DA NAM EFEKT POWIERZCHNI<br \/>3D)<br \/><strong>WA\u017bNE!!!!!<\/strong>\u00a0<br \/>PRZED MALOWANIEM GOTOWEJ \u015aCIANY WPIERW PRZYGOTOWAC SOBIE PR\u00d3BK\u0118<br \/>MALOWANIA NA KAWA\u0141KU LAMELA ( KA\u017bDY MA \u201eINN\u0104 R\u0118K\u0118\u201d DO MALOWANIA I KOLOR MO\u017bE<br \/>ODBIEGA\u0106 OD PR\u00d3BKI \u2013 DOBRZE BY\u0141OBY A\u017bEBY WSZYSTKO MALOWA\u0141A JEDNA OSOBA \u2013<br \/>UNIKNIEMY R\u00d3\u017bNYCH GRUBO\u015aCI POW\u0141OKI LAZURU)<\/li><\/ol><\/p><\/div><\/section><\/div><\/section><!-- widget-container -->\t\t<\/div>\n\t\t\t\t<\/div>\n\t\t\t\t<div class=\"elementor-element elementor-element-dbdf478 aux-appear-watch-animation aux-fade-in-up-1 elementor-widget elementor-widget-aux_modern_heading\" data-id=\"dbdf478\" data-element_type=\"widget\" data-widget_type=\"aux_modern_heading.default\">\n\t\t\t\t<div class=\"elementor-widget-container\">\n\t\t\t<section class=\"aux-widget-modern-heading\">\n            <div class=\"aux-widget-inner\"><h2 class=\"aux-modern-heading-primary\">JEST TO \u0141ATWIESZE NI\u017b MY\u015aLISZ<\/h2><h3 class=\"aux-modern-heading-secondary\"><span class=\"aux-head-before\">INSTRUKCJA MONTA\u017bU<\/span><\/h3><\/div>\n        <\/section>\t\t<\/div>\n\t\t\t\t<\/div>\n\t\t\t\t\t<\/div>\n\t\t<\/div>\n\t\t\t\t\t<\/div>\n\t\t<\/section>\n\t\t\t\t<\/div>\n\t\t","protected":false},"excerpt":{"rendered":"<p>\u0141ATWY MONTA\u017b Spos\u00f3b monta\u017cu Swodoba monta\u017cu Lamele Elewacyjne Dekoracyjne to produkt, kt\u00f3rego monta\u017c jest bardzo \u0142atwy. Bez podkonstrukcji Nie potrzeba \u015brub ani dodatkowych wzmocnie\u0144, wystarczy klej, kt\u00f3ry daj\u0119 spor\u0105 swobod\u0119. Pomoc Ka\u017cdemu klientowi s\u0142u\u017cymy fachowym doradztwem w doborze odpowiedniego koloru deski jak r\u00f3wnie\u017c udzielimy wszelkich informacji na temat sposobu monta\u017cu. WARUNKI ATMOSFERYCZNE MONTA\u017b ZALECAMY W [&hellip;]<\/p>\n","protected":false},"author":1,"featured_media":0,"parent":0,"menu_order":0,"comment_status":"closed","ping_status":"closed","template":"","meta":{"footnotes":""},"class_list":["post-1096","page","type-page","status-publish","hentry"],"_links":{"self":[{"href":"https:\/\/wolszon.pl\/index.php\/wp-json\/wp\/v2\/pages\/1096"}],"collection":[{"href":"https:\/\/wolszon.pl\/index.php\/wp-json\/wp\/v2\/pages"}],"about":[{"href":"https:\/\/wolszon.pl\/index.php\/wp-json\/wp\/v2\/types\/page"}],"author":[{"embeddable":true,"href":"https:\/\/wolszon.pl\/index.php\/wp-json\/wp\/v2\/users\/1"}],"replies":[{"embeddable":true,"href":"https:\/\/wolszon.pl\/index.php\/wp-json\/wp\/v2\/comments?post=1096"}],"version-history":[{"count":31,"href":"https:\/\/wolszon.pl\/index.php\/wp-json\/wp\/v2\/pages\/1096\/revisions"}],"predecessor-version":[{"id":1851,"href":"https:\/\/wolszon.pl\/index.php\/wp-json\/wp\/v2\/pages\/1096\/revisions\/1851"}],"wp:attachment":[{"href":"https:\/\/wolszon.pl\/index.php\/wp-json\/wp\/v2\/media?parent=1096"}],"curies":[{"name":"wp","href":"https:\/\/api.w.org\/{rel}","templated":true}]}}