{"id":1105,"date":"2023-10-04T14:26:28","date_gmt":"2023-10-04T12:26:28","guid":{"rendered":"http:\/\/serwer103124.lh.pl\/autoinstalator\/serwer103124.lh.pl\/wordpress35182\/?page_id=1105"},"modified":"2024-07-04T09:22:54","modified_gmt":"2024-07-04T07:22:54","slug":"realizacje-ryfle-elewacyjne-dekoracyjne","status":"publish","type":"page","link":"https:\/\/wolszon.pl\/index.php\/realizacje-ryfle-elewacyjne-dekoracyjne\/","title":{"rendered":"Realizacje. Ryfle Elewacyjne Dekoracyjne"},"content":{"rendered":"\t\t<div data-elementor-type=\"wp-page\" data-elementor-id=\"1105\" class=\"elementor elementor-1105\">\n\t\t\t\t\t\t<section class=\"elementor-section elementor-top-section elementor-element elementor-element-6692f44 elementor-section-content-middle elementor-reverse-tablet elementor-reverse-mobile elementor-section-full_width elementor-section-height-default elementor-section-height-default\" data-id=\"6692f44\" data-element_type=\"section\">\n\t\t\t\t\t\t<div class=\"elementor-container elementor-column-gap-default\">\n\t\t\t\t\t<div class=\"aux-parallax-section elementor-column elementor-col-50 elementor-top-column elementor-element elementor-element-a453829\" data-id=\"a453829\" data-element_type=\"column\">\n\t\t\t<div class=\"elementor-widget-wrap elementor-element-populated\">\n\t\t\t\t\t\t<div class=\"elementor-element elementor-element-6ef2895 aux-appear-watch-animation aux-fade-in-up-1 elementor-widget elementor-widget-aux_modern_heading\" data-id=\"6ef2895\" data-element_type=\"widget\" data-widget_type=\"aux_modern_heading.default\">\n\t\t\t\t<div class=\"elementor-widget-container\">\n\t\t\t<section class=\"aux-widget-modern-heading\">\n            <div class=\"aux-widget-inner\"><h2 class=\"aux-modern-heading-primary\">INWESTYCJ\u0118 Z NASZYM PRODUKTEM<\/h2><h3 class=\"aux-modern-heading-secondary\"><span class=\"aux-head-before\">REALIZACJE<\/span><\/h3><\/div>\n        <\/section>\t\t<\/div>\n\t\t\t\t<\/div>\n\t\t\t\t<div class=\"elementor-element elementor-element-4cdc1f0 aux-appear-watch-animation aux-fade-in-up-1 elementor-widget elementor-widget-aux_text\" data-id=\"4cdc1f0\" data-element_type=\"widget\" data-widget_type=\"aux_text.default\">\n\t\t\t\t<div class=\"elementor-widget-container\">\n\t\t\t<section class=\"widget-container aux-widget-text aux-parent-auc8562c23\">        <div class=\"aux-widget-advanced-text aux-wrap-style-simple aux-ico-pos-left aux-text-center aux-text-resp- aux-text-color-dark aux-text-widget-bg-center  aux-text-padding-fix \" >\n        \n                            <div class=\"aux-text-widget-header \"  >\n                        <div class=\"aux-ico-box aux-ico-large aux-ico-shape-circle aux-ico-clear \">\n                                                            <span class=\"aux-ico fas fa-house-damage\" > <\/span>\n                                                    <\/div>\n                <\/div>\n            \n            <div class=\"aux-text-inner aux-text-widget-content\">\n                                <div class=\"widget-content\">\n                                        <p>Zapraszamy do zapoznania si\u0119 z naszymi najnowszymi realizacjami, kt\u00f3re przedstawiaj\u0105<\/p><p>nasz\u0105 zdolno\u015b\u0107 do dostarczania wyj\u0105tkowych rozwi\u0105za\u0144 i satysfakcjonuj\u0105cych rezultat\u00f3w dla<\/p><p>naszych klient\u00f3w.<\/p>                <\/div>\n                            <\/div>\n        <\/div>\n                    <div class=\"aux-text-widget-footer\">\n                <div class=\"aux-border-shape-none \">\n                                <\/div>\n            <\/div>\n        \n<\/section><!-- widget-container -->\t\t<\/div>\n\t\t\t\t<\/div>\n\t\t\t\t<div class=\"elementor-element elementor-element-5a19e35 aux-appear-watch-animation aux-fade-in-up-1 elementor-widget elementor-widget-aux_text\" data-id=\"5a19e35\" data-element_type=\"widget\" data-widget_type=\"aux_text.default\">\n\t\t\t\t<div class=\"elementor-widget-container\">\n\t\t\t<section class=\"widget-container aux-widget-text aux-parent-au3d6ff460\">        <div class=\"aux-widget-advanced-text aux-wrap-style-simple aux-ico-pos-left aux-text-center aux-text-resp- aux-text-color-dark aux-text-widget-bg-center  aux-text-padding-fix \" >\n        \n                            <div class=\"aux-text-widget-header \"  >\n                        <div class=\"aux-ico-box aux-ico-large aux-ico-shape-circle aux-ico-clear \">\n                                                            <span class=\"aux-ico auxicon auxicon-gallary\" > <\/span>\n                                                    <\/div>\n                <\/div>\n            \n            <div class=\"aux-text-inner aux-text-widget-content\">\n                                <div class=\"widget-content\">\n                                        <p>Nasza galeria realizacji to miejsce, gdzie prezentujemy projekty, na kt\u00f3rych u\u017cyto nasz<\/p><p>produkt. Odkryj r\u00f3\u017cnorodno\u015b\u0107 naszych osi\u0105gni\u0119\u0107 i zainspiruj si\u0119.<\/p>                <\/div>\n                            <\/div>\n        <\/div>\n                    <div class=\"aux-text-widget-footer\">\n                <div class=\"aux-border-shape-none \">\n                                <\/div>\n            <\/div>\n        \n<\/section><!-- widget-container -->\t\t<\/div>\n\t\t\t\t<\/div>\n\t\t\t\t\t<\/div>\n\t\t<\/div>\n\t\t\t\t<div class=\"aux-parallax-section elementor-column elementor-col-50 elementor-top-column elementor-element elementor-element-c2f95be\" data-id=\"c2f95be\" data-element_type=\"column\">\n\t\t\t<div class=\"elementor-widget-wrap elementor-element-populated\">\n\t\t\t\t\t\t<div class=\"elementor-element elementor-element-4e7d5cf aux-appear-watch-animation aux-scale-up-1 elementor-widget elementor-widget-aux_image\" data-id=\"4e7d5cf\" data-element_type=\"widget\" data-widget_type=\"aux_image.default\">\n\t\t\t\t<div class=\"elementor-widget-container\">\n\t\t\t<section class=\"widget-container aux-widget-image aux-alignnone aux-parent-au8121d89a\">\n    <div class=\"aux-media-hint-frame \">\n        <div class=\"aux-media-image \" >\n        \n            \n\n            \n            <img fetchpriority=\"high\" decoding=\"async\" width=\"2105\" height=\"2560\" src=\"data:image\/gif;base64,R0lGODlhAQABAIAAAAAAAP\/\/\/yH5BAEAAAAALAAAAAABAAEAAAIBRAA7\" class=\"aux-attachment aux-featured-image aux-attachment-id-1396 aux-preload aux-blank\" alt=\"20240123_083918\" data-ratio=\"0.82\" data-original-w=\"2105\" data-src=\"https:\/\/wolszon.pl\/wp-content\/uploads\/2024\/07\/20240123_083918-scaled.jpg\" \/>            \n                <\/div>\n    <\/div>\n\n<\/section><!-- widget-container -->\t\t<\/div>\n\t\t\t\t<\/div>\n\t\t\t\t\t<\/div>\n\t\t<\/div>\n\t\t\t\t\t<\/div>\n\t\t<\/section>\n\t\t\t\t<section class=\"elementor-section elementor-top-section elementor-element elementor-element-c453215 elementor-section-boxed elementor-section-height-default elementor-section-height-default\" data-id=\"c453215\" data-element_type=\"section\">\n\t\t\t\t\t\t<div class=\"elementor-container elementor-column-gap-default\">\n\t\t\t\t\t<div class=\"aux-parallax-section elementor-column elementor-col-100 elementor-top-column elementor-element elementor-element-c860d35\" data-id=\"c860d35\" data-element_type=\"column\">\n\t\t\t<div class=\"elementor-widget-wrap elementor-element-populated\">\n\t\t\t\t\t\t<div class=\"elementor-element elementor-element-7e635ae elementor-widget elementor-widget-heading\" data-id=\"7e635ae\" data-element_type=\"widget\" data-widget_type=\"heading.default\">\n\t\t\t\t<div class=\"elementor-widget-container\">\n\t\t\t<h2 class=\"elementor-heading-title elementor-size-default\">Ryfle<\/h2>\t\t<\/div>\n\t\t\t\t<\/div>\n\t\t\t\t\t<\/div>\n\t\t<\/div>\n\t\t\t\t\t<\/div>\n\t\t<\/section>\n\t\t\t\t<section class=\"elementor-section elementor-top-section elementor-element elementor-element-97793ed elementor-section-boxed elementor-section-height-default elementor-section-height-default\" data-id=\"97793ed\" data-element_type=\"section\">\n\t\t\t\t\t\t<div class=\"elementor-container elementor-column-gap-default\">\n\t\t\t\t\t<div class=\"aux-parallax-section elementor-column elementor-col-100 elementor-top-column elementor-element elementor-element-4b8f076\" data-id=\"4b8f076\" data-element_type=\"column\">\n\t\t\t<div class=\"elementor-widget-wrap elementor-element-populated\">\n\t\t\t\t\t\t<div class=\"elementor-element elementor-element-c5795f2 gallery-spacing-custom elementor-widget elementor-widget-image-gallery\" data-id=\"c5795f2\" data-element_type=\"widget\" data-widget_type=\"image-gallery.default\">\n\t\t\t\t<div class=\"elementor-widget-container\">\n\t\t\t\t\t<div class=\"elementor-image-gallery\">\n\t\t\t<div id='gallery-1' class='gallery galleryid-1105 gallery-columns-4 gallery-size-medium'><figure class='gallery-item'>\n\t\t\t<div class='gallery-icon landscape'>\n\t\t\t\t<a data-elementor-open-lightbox=\"yes\" data-elementor-lightbox-slideshow=\"c5795f2\" data-elementor-lightbox-title=\"IMG-20240510-WA0000 \u2014 kopia\" data-e-action-hash=\"#elementor-action%3Aaction%3Dlightbox%26settings%3DeyJpZCI6MTM4OCwidXJsIjoiaHR0cHM6XC9cL3dvbHN6b24ucGxcL3dwLWNvbnRlbnRcL3VwbG9hZHNcLzIwMjRcLzA3XC9JTUctMjAyNDA1MTAtV0EwMDAwLVx1MjAxNC1rb3BpYS5qcGciLCJzbGlkZXNob3ciOiJjNTc5NWYyIn0%3D\" href='https:\/\/wolszon.pl\/wp-content\/uploads\/2024\/07\/IMG-20240510-WA0000-\u2014-kopia.jpg'><img decoding=\"async\" width=\"300\" height=\"300\" src=\"https:\/\/wolszon.pl\/wp-content\/uploads\/2024\/07\/IMG-20240510-WA0000-\u2014-kopia-300x300.jpg\" class=\"attachment-medium size-medium\" alt=\"\" srcset=\"https:\/\/wolszon.pl\/wp-content\/uploads\/2024\/07\/IMG-20240510-WA0000-\u2014-kopia-300x300.jpg 300w, https:\/\/wolszon.pl\/wp-content\/uploads\/2024\/07\/IMG-20240510-WA0000-\u2014-kopia-1024x1024.jpg 1024w, https:\/\/wolszon.pl\/wp-content\/uploads\/2024\/07\/IMG-20240510-WA0000-\u2014-kopia-150x150.jpg 150w, https:\/\/wolszon.pl\/wp-content\/uploads\/2024\/07\/IMG-20240510-WA0000-\u2014-kopia-768x768.jpg 768w\" sizes=\"(max-width: 300px) 100vw, 300px\" \/><\/a>\n\t\t\t<\/div><\/figure><figure class='gallery-item'>\n\t\t\t<div class='gallery-icon portrait'>\n\t\t\t\t<a data-elementor-open-lightbox=\"yes\" data-elementor-lightbox-slideshow=\"c5795f2\" data-elementor-lightbox-title=\"IMG-20240510-WA0001\" data-e-action-hash=\"#elementor-action%3Aaction%3Dlightbox%26settings%3DeyJpZCI6MTM4OSwidXJsIjoiaHR0cHM6XC9cL3dvbHN6b24ucGxcL3dwLWNvbnRlbnRcL3VwbG9hZHNcLzIwMjRcLzA3XC9JTUctMjAyNDA1MTAtV0EwMDAxLmpwZyIsInNsaWRlc2hvdyI6ImM1Nzk1ZjIifQ%3D%3D\" href='https:\/\/wolszon.pl\/wp-content\/uploads\/2024\/07\/IMG-20240510-WA0001.jpg'><img decoding=\"async\" width=\"300\" height=\"300\" src=\"https:\/\/wolszon.pl\/wp-content\/uploads\/2024\/07\/IMG-20240510-WA0001-300x300.jpg\" class=\"attachment-medium size-medium\" alt=\"\" srcset=\"https:\/\/wolszon.pl\/wp-content\/uploads\/2024\/07\/IMG-20240510-WA0001-300x300.jpg 300w, https:\/\/wolszon.pl\/wp-content\/uploads\/2024\/07\/IMG-20240510-WA0001-1024x1024.jpg 1024w, https:\/\/wolszon.pl\/wp-content\/uploads\/2024\/07\/IMG-20240510-WA0001-150x150.jpg 150w, https:\/\/wolszon.pl\/wp-content\/uploads\/2024\/07\/IMG-20240510-WA0001-768x768.jpg 768w\" sizes=\"(max-width: 300px) 100vw, 300px\" \/><\/a>\n\t\t\t<\/div><\/figure><figure class='gallery-item'>\n\t\t\t<div class='gallery-icon landscape'>\n\t\t\t\t<a data-elementor-open-lightbox=\"yes\" data-elementor-lightbox-slideshow=\"c5795f2\" data-elementor-lightbox-title=\"PSX_20240123_131057\" data-e-action-hash=\"#elementor-action%3Aaction%3Dlightbox%26settings%3DeyJpZCI6MTM5MCwidXJsIjoiaHR0cHM6XC9cL3dvbHN6b24ucGxcL3dwLWNvbnRlbnRcL3VwbG9hZHNcLzIwMjRcLzA3XC9QU1hfMjAyNDAxMjNfMTMxMDU3LXNjYWxlZC5qcGciLCJzbGlkZXNob3ciOiJjNTc5NWYyIn0%3D\" href='https:\/\/wolszon.pl\/wp-content\/uploads\/2024\/07\/PSX_20240123_131057-scaled.jpg'><img loading=\"lazy\" decoding=\"async\" width=\"300\" height=\"300\" src=\"https:\/\/wolszon.pl\/wp-content\/uploads\/2024\/07\/PSX_20240123_131057-300x300.jpg\" class=\"attachment-medium size-medium\" alt=\"\" srcset=\"https:\/\/wolszon.pl\/wp-content\/uploads\/2024\/07\/PSX_20240123_131057-300x300.jpg 300w, https:\/\/wolszon.pl\/wp-content\/uploads\/2024\/07\/PSX_20240123_131057-1024x1024.jpg 1024w, https:\/\/wolszon.pl\/wp-content\/uploads\/2024\/07\/PSX_20240123_131057-150x150.jpg 150w, https:\/\/wolszon.pl\/wp-content\/uploads\/2024\/07\/PSX_20240123_131057-768x768.jpg 768w\" sizes=\"(max-width: 300px) 100vw, 300px\" \/><\/a>\n\t\t\t<\/div><\/figure><figure class='gallery-item'>\n\t\t\t<div class='gallery-icon landscape'>\n\t\t\t\t<a data-elementor-open-lightbox=\"yes\" data-elementor-lightbox-slideshow=\"c5795f2\" data-elementor-lightbox-title=\"PSX_20240123_131949\" data-e-action-hash=\"#elementor-action%3Aaction%3Dlightbox%26settings%3DeyJpZCI6MTM5MSwidXJsIjoiaHR0cHM6XC9cL3dvbHN6b24ucGxcL3dwLWNvbnRlbnRcL3VwbG9hZHNcLzIwMjRcLzA3XC9QU1hfMjAyNDAxMjNfMTMxOTQ5LXNjYWxlZC5qcGciLCJzbGlkZXNob3ciOiJjNTc5NWYyIn0%3D\" href='https:\/\/wolszon.pl\/wp-content\/uploads\/2024\/07\/PSX_20240123_131949-scaled.jpg'><img loading=\"lazy\" decoding=\"async\" width=\"300\" height=\"300\" src=\"https:\/\/wolszon.pl\/wp-content\/uploads\/2024\/07\/PSX_20240123_131949-300x300.jpg\" class=\"attachment-medium size-medium\" alt=\"\" srcset=\"https:\/\/wolszon.pl\/wp-content\/uploads\/2024\/07\/PSX_20240123_131949-300x300.jpg 300w, https:\/\/wolszon.pl\/wp-content\/uploads\/2024\/07\/PSX_20240123_131949-1024x1024.jpg 1024w, https:\/\/wolszon.pl\/wp-content\/uploads\/2024\/07\/PSX_20240123_131949-150x150.jpg 150w, https:\/\/wolszon.pl\/wp-content\/uploads\/2024\/07\/PSX_20240123_131949-768x768.jpg 768w\" sizes=\"(max-width: 300px) 100vw, 300px\" \/><\/a>\n\t\t\t<\/div><\/figure><figure class='gallery-item'>\n\t\t\t<div class='gallery-icon landscape'>\n\t\t\t\t<a data-elementor-open-lightbox=\"yes\" data-elementor-lightbox-slideshow=\"c5795f2\" data-elementor-lightbox-title=\"IMG-20240607-WA0127\" data-e-action-hash=\"#elementor-action%3Aaction%3Dlightbox%26settings%3DeyJpZCI6MTM5MywidXJsIjoiaHR0cHM6XC9cL3dvbHN6b24ucGxcL3dwLWNvbnRlbnRcL3VwbG9hZHNcLzIwMjRcLzA3XC9JTUctMjAyNDA2MDctV0EwMTI3LmpwZyIsInNsaWRlc2hvdyI6ImM1Nzk1ZjIifQ%3D%3D\" href='https:\/\/wolszon.pl\/wp-content\/uploads\/2024\/07\/IMG-20240607-WA0127.jpg'><img loading=\"lazy\" decoding=\"async\" width=\"300\" height=\"300\" src=\"https:\/\/wolszon.pl\/wp-content\/uploads\/2024\/07\/IMG-20240607-WA0127-300x300.jpg\" class=\"attachment-medium size-medium\" alt=\"\" srcset=\"https:\/\/wolszon.pl\/wp-content\/uploads\/2024\/07\/IMG-20240607-WA0127-300x300.jpg 300w, https:\/\/wolszon.pl\/wp-content\/uploads\/2024\/07\/IMG-20240607-WA0127-150x150.jpg 150w, https:\/\/wolszon.pl\/wp-content\/uploads\/2024\/07\/IMG-20240607-WA0127-768x768.jpg 768w\" sizes=\"(max-width: 300px) 100vw, 300px\" \/><\/a>\n\t\t\t<\/div><\/figure><figure class='gallery-item'>\n\t\t\t<div class='gallery-icon landscape'>\n\t\t\t\t<a data-elementor-open-lightbox=\"yes\" data-elementor-lightbox-slideshow=\"c5795f2\" data-elementor-lightbox-title=\"IMG-20240607-WA0149\" data-e-action-hash=\"#elementor-action%3Aaction%3Dlightbox%26settings%3DeyJpZCI6MTM5NCwidXJsIjoiaHR0cHM6XC9cL3dvbHN6b24ucGxcL3dwLWNvbnRlbnRcL3VwbG9hZHNcLzIwMjRcLzA3XC9JTUctMjAyNDA2MDctV0EwMTQ5LmpwZyIsInNsaWRlc2hvdyI6ImM1Nzk1ZjIifQ%3D%3D\" href='https:\/\/wolszon.pl\/wp-content\/uploads\/2024\/07\/IMG-20240607-WA0149.jpg'><img loading=\"lazy\" decoding=\"async\" width=\"300\" height=\"300\" src=\"https:\/\/wolszon.pl\/wp-content\/uploads\/2024\/07\/IMG-20240607-WA0149-300x300.jpg\" class=\"attachment-medium size-medium\" alt=\"\" srcset=\"https:\/\/wolszon.pl\/wp-content\/uploads\/2024\/07\/IMG-20240607-WA0149-300x300.jpg 300w, https:\/\/wolszon.pl\/wp-content\/uploads\/2024\/07\/IMG-20240607-WA0149-150x150.jpg 150w, https:\/\/wolszon.pl\/wp-content\/uploads\/2024\/07\/IMG-20240607-WA0149-768x768.jpg 768w\" sizes=\"(max-width: 300px) 100vw, 300px\" \/><\/a>\n\t\t\t<\/div><\/figure><figure class='gallery-item'>\n\t\t\t<div class='gallery-icon landscape'>\n\t\t\t\t<a data-elementor-open-lightbox=\"yes\" data-elementor-lightbox-slideshow=\"c5795f2\" data-elementor-lightbox-title=\"Panele Ryfle\" data-e-action-hash=\"#elementor-action%3Aaction%3Dlightbox%26settings%3DeyJpZCI6MTE2MCwidXJsIjoiaHR0cHM6XC9cL3dvbHN6b24ucGxcL3dwLWNvbnRlbnRcL3VwbG9hZHNcLzIwMjNcLzEwXC9QYW5lbGUtUnlmbGUtMS1lMTY5NjQyNzgxNDYxMS5qcGVnIiwic2xpZGVzaG93IjoiYzU3OTVmMiJ9\" href='https:\/\/wolszon.pl\/wp-content\/uploads\/2023\/10\/Panele-Ryfle-1-e1696427814611.jpeg'><img loading=\"lazy\" decoding=\"async\" width=\"300\" height=\"300\" src=\"https:\/\/wolszon.pl\/wp-content\/uploads\/2023\/10\/Panele-Ryfle-1-e1696427814611-300x300.jpeg\" class=\"attachment-medium size-medium\" alt=\"\" srcset=\"https:\/\/wolszon.pl\/wp-content\/uploads\/2023\/10\/Panele-Ryfle-1-e1696427814611-300x300.jpeg 300w, https:\/\/wolszon.pl\/wp-content\/uploads\/2023\/10\/Panele-Ryfle-1-e1696427814611-150x150.jpeg 150w, https:\/\/wolszon.pl\/wp-content\/uploads\/2023\/10\/Panele-Ryfle-1-e1696427814611-768x768.jpeg 768w\" sizes=\"(max-width: 300px) 100vw, 300px\" \/><\/a>\n\t\t\t<\/div><\/figure><figure class='gallery-item'>\n\t\t\t<div class='gallery-icon landscape'>\n\t\t\t\t<a data-elementor-open-lightbox=\"yes\" data-elementor-lightbox-slideshow=\"c5795f2\" data-elementor-lightbox-title=\"IMG-20240118-WA0006\" data-e-action-hash=\"#elementor-action%3Aaction%3Dlightbox%26settings%3DeyJpZCI6MTM4NywidXJsIjoiaHR0cHM6XC9cL3dvbHN6b24ucGxcL3dwLWNvbnRlbnRcL3VwbG9hZHNcLzIwMjRcLzA3XC9JTUctMjAyNDAxMTgtV0EwMDA2LmpwZyIsInNsaWRlc2hvdyI6ImM1Nzk1ZjIifQ%3D%3D\" href='https:\/\/wolszon.pl\/wp-content\/uploads\/2024\/07\/IMG-20240118-WA0006.jpg'><img loading=\"lazy\" decoding=\"async\" width=\"300\" height=\"300\" src=\"https:\/\/wolszon.pl\/wp-content\/uploads\/2024\/07\/IMG-20240118-WA0006-300x300.jpg\" class=\"attachment-medium size-medium\" alt=\"\" srcset=\"https:\/\/wolszon.pl\/wp-content\/uploads\/2024\/07\/IMG-20240118-WA0006-300x300.jpg 300w, https:\/\/wolszon.pl\/wp-content\/uploads\/2024\/07\/IMG-20240118-WA0006-150x150.jpg 150w, https:\/\/wolszon.pl\/wp-content\/uploads\/2024\/07\/IMG-20240118-WA0006-768x768.jpg 768w\" sizes=\"(max-width: 300px) 100vw, 300px\" \/><\/a>\n\t\t\t<\/div><\/figure>\n\t\t<\/div>\n\t\t<\/div>\n\t\t\t\t<\/div>\n\t\t\t\t<\/div>\n\t\t\t\t\t<\/div>\n\t\t<\/div>\n\t\t\t\t\t<\/div>\n\t\t<\/section>\n\t\t\t\t<\/div>\n\t\t","protected":false},"excerpt":{"rendered":"<p>INWESTYCJ\u0118 Z NASZYM PRODUKTEM REALIZACJE Zapraszamy do zapoznania si\u0119 z naszymi najnowszymi realizacjami, kt\u00f3re przedstawiaj\u0105 nasz\u0105 zdolno\u015b\u0107 do dostarczania wyj\u0105tkowych rozwi\u0105za\u0144 i satysfakcjonuj\u0105cych rezultat\u00f3w dla naszych klient\u00f3w. Nasza galeria realizacji to miejsce, gdzie prezentujemy projekty, na kt\u00f3rych u\u017cyto nasz produkt. Odkryj r\u00f3\u017cnorodno\u015b\u0107 naszych osi\u0105gni\u0119\u0107 i zainspiruj si\u0119. Ryfle<\/p>\n","protected":false},"author":1,"featured_media":0,"parent":0,"menu_order":0,"comment_status":"closed","ping_status":"closed","template":"","meta":{"footnotes":""},"class_list":["post-1105","page","type-page","status-publish","hentry"],"_links":{"self":[{"href":"https:\/\/wolszon.pl\/index.php\/wp-json\/wp\/v2\/pages\/1105"}],"collection":[{"href":"https:\/\/wolszon.pl\/index.php\/wp-json\/wp\/v2\/pages"}],"about":[{"href":"https:\/\/wolszon.pl\/index.php\/wp-json\/wp\/v2\/types\/page"}],"author":[{"embeddable":true,"href":"https:\/\/wolszon.pl\/index.php\/wp-json\/wp\/v2\/users\/1"}],"replies":[{"embeddable":true,"href":"https:\/\/wolszon.pl\/index.php\/wp-json\/wp\/v2\/comments?post=1105"}],"version-history":[{"count":7,"href":"https:\/\/wolszon.pl\/index.php\/wp-json\/wp\/v2\/pages\/1105\/revisions"}],"predecessor-version":[{"id":1399,"href":"https:\/\/wolszon.pl\/index.php\/wp-json\/wp\/v2\/pages\/1105\/revisions\/1399"}],"wp:attachment":[{"href":"https:\/\/wolszon.pl\/index.php\/wp-json\/wp\/v2\/media?parent=1105"}],"curies":[{"name":"wp","href":"https:\/\/api.w.org\/{rel}","templated":true}]}}