{"id":1107,"date":"2023-10-04T14:27:29","date_gmt":"2023-10-04T12:27:29","guid":{"rendered":"http:\/\/serwer103124.lh.pl\/autoinstalator\/serwer103124.lh.pl\/wordpress35182\/?page_id=1107"},"modified":"2023-10-05T08:28:42","modified_gmt":"2023-10-05T06:28:42","slug":"realizacje-cegla-elewacyjna-dekoracyjna","status":"publish","type":"page","link":"https:\/\/wolszon.pl\/index.php\/realizacje-cegla-elewacyjna-dekoracyjna\/","title":{"rendered":"Realizacje. Ceg\u0142a Elewacyjna Dekoracyjna"},"content":{"rendered":"\t\t<div data-elementor-type=\"wp-page\" data-elementor-id=\"1107\" class=\"elementor elementor-1107\">\n\t\t\t\t\t\t<section class=\"elementor-section elementor-top-section elementor-element elementor-element-6692f44 elementor-section-content-middle elementor-reverse-tablet elementor-reverse-mobile elementor-section-full_width elementor-section-height-default elementor-section-height-default\" data-id=\"6692f44\" data-element_type=\"section\">\n\t\t\t\t\t\t<div class=\"elementor-container elementor-column-gap-default\">\n\t\t\t\t\t<div class=\"aux-parallax-section elementor-column elementor-col-50 elementor-top-column elementor-element elementor-element-a453829\" data-id=\"a453829\" data-element_type=\"column\">\n\t\t\t<div class=\"elementor-widget-wrap elementor-element-populated\">\n\t\t\t\t\t\t<div class=\"elementor-element elementor-element-6ef2895 aux-appear-watch-animation aux-fade-in-up-1 elementor-widget elementor-widget-aux_modern_heading\" data-id=\"6ef2895\" data-element_type=\"widget\" data-widget_type=\"aux_modern_heading.default\">\n\t\t\t\t<div class=\"elementor-widget-container\">\n\t\t\t<section class=\"aux-widget-modern-heading\">\n            <div class=\"aux-widget-inner\"><h2 class=\"aux-modern-heading-primary\">INWESTYCJ\u0118 Z NASZYM PRODUKTEM<\/h2><h3 class=\"aux-modern-heading-secondary\"><span class=\"aux-head-before\">REALIZACJE<\/span><\/h3><\/div>\n        <\/section>\t\t<\/div>\n\t\t\t\t<\/div>\n\t\t\t\t<div class=\"elementor-element elementor-element-4cdc1f0 aux-appear-watch-animation aux-fade-in-up-1 elementor-widget elementor-widget-aux_text\" data-id=\"4cdc1f0\" data-element_type=\"widget\" data-widget_type=\"aux_text.default\">\n\t\t\t\t<div class=\"elementor-widget-container\">\n\t\t\t<section class=\"widget-container aux-widget-text aux-parent-au7bf15cc7\">        <div class=\"aux-widget-advanced-text aux-wrap-style-simple aux-ico-pos-left aux-text-center aux-text-resp- aux-text-color-dark aux-text-widget-bg-center  aux-text-padding-fix \" >\n        \n                            <div class=\"aux-text-widget-header \"  >\n                        <div class=\"aux-ico-box aux-ico-large aux-ico-shape-circle aux-ico-clear \">\n                                                            <span class=\"aux-ico fas fa-house-damage\" > <\/span>\n                                                    <\/div>\n                <\/div>\n            \n            <div class=\"aux-text-inner aux-text-widget-content\">\n                                <div class=\"widget-content\">\n                                        <p>Zapraszamy do zapoznania si\u0119 z naszymi najnowszymi realizacjami, kt\u00f3re przedstawiaj\u0105<\/p><p>nasz\u0105 zdolno\u015b\u0107 do dostarczania wyj\u0105tkowych rozwi\u0105za\u0144 i satysfakcjonuj\u0105cych rezultat\u00f3w dla<\/p><p>naszych klient\u00f3w.<\/p>                <\/div>\n                            <\/div>\n        <\/div>\n                    <div class=\"aux-text-widget-footer\">\n                <div class=\"aux-border-shape-none \">\n                                <\/div>\n            <\/div>\n        \n<\/section><!-- widget-container -->\t\t<\/div>\n\t\t\t\t<\/div>\n\t\t\t\t<div class=\"elementor-element elementor-element-5a19e35 aux-appear-watch-animation aux-fade-in-up-1 elementor-widget elementor-widget-aux_text\" data-id=\"5a19e35\" data-element_type=\"widget\" data-widget_type=\"aux_text.default\">\n\t\t\t\t<div class=\"elementor-widget-container\">\n\t\t\t<section class=\"widget-container aux-widget-text aux-parent-au0918d9cb\">        <div class=\"aux-widget-advanced-text aux-wrap-style-simple aux-ico-pos-left aux-text-center aux-text-resp- aux-text-color-dark aux-text-widget-bg-center  aux-text-padding-fix \" >\n        \n                            <div class=\"aux-text-widget-header \"  >\n                        <div class=\"aux-ico-box aux-ico-large aux-ico-shape-circle aux-ico-clear \">\n                                                            <span class=\"aux-ico auxicon auxicon-gallary\" > <\/span>\n                                                    <\/div>\n                <\/div>\n            \n            <div class=\"aux-text-inner aux-text-widget-content\">\n                                <div class=\"widget-content\">\n                                        <p>Nasza galeria realizacji to miejsce, gdzie prezentujemy projekty, na kt\u00f3rych u\u017cyto nasz<\/p><p>produkt. Odkryj r\u00f3\u017cnorodno\u015b\u0107 naszych osi\u0105gni\u0119\u0107 i zainspiruj si\u0119.<\/p>                <\/div>\n                            <\/div>\n        <\/div>\n                    <div class=\"aux-text-widget-footer\">\n                <div class=\"aux-border-shape-none \">\n                                <\/div>\n            <\/div>\n        \n<\/section><!-- widget-container -->\t\t<\/div>\n\t\t\t\t<\/div>\n\t\t\t\t\t<\/div>\n\t\t<\/div>\n\t\t\t\t<div class=\"aux-parallax-section elementor-column elementor-col-50 elementor-top-column elementor-element elementor-element-c2f95be\" data-id=\"c2f95be\" data-element_type=\"column\">\n\t\t\t<div class=\"elementor-widget-wrap elementor-element-populated\">\n\t\t\t\t\t\t<div class=\"elementor-element elementor-element-4e7d5cf aux-appear-watch-animation aux-scale-up-1 elementor-widget elementor-widget-aux_image\" data-id=\"4e7d5cf\" data-element_type=\"widget\" data-widget_type=\"aux_image.default\">\n\t\t\t\t<div class=\"elementor-widget-container\">\n\t\t\t<section class=\"widget-container aux-widget-image aux-alignnone aux-parent-au0b454bd6\">\n    <div class=\"aux-media-hint-frame \">\n        <div class=\"aux-media-image \" >\n        \n            \n\n            \n            <img fetchpriority=\"high\" decoding=\"async\" width=\"1956\" height=\"934\" src=\"data:image\/gif;base64,R0lGODlhAQABAIAAAAAAAP\/\/\/yH5BAEAAAAALAAAAAABAAEAAAIBRAA7\" class=\"aux-attachment aux-featured-image aux-attachment-id-1172 aux-preload aux-blank\" alt=\"Ceg\u0142a10\" data-ratio=\"2.09\" data-original-w=\"1956\" data-src=\"https:\/\/wolszon.pl\/wp-content\/uploads\/2023\/10\/Cegla10-1.jpg\" \/>            \n                <\/div>\n    <\/div>\n\n<\/section><!-- widget-container -->\t\t<\/div>\n\t\t\t\t<\/div>\n\t\t\t\t\t<\/div>\n\t\t<\/div>\n\t\t\t\t\t<\/div>\n\t\t<\/section>\n\t\t\t\t<section class=\"elementor-section elementor-top-section elementor-element elementor-element-c453215 elementor-section-boxed elementor-section-height-default elementor-section-height-default\" data-id=\"c453215\" data-element_type=\"section\">\n\t\t\t\t\t\t<div class=\"elementor-container elementor-column-gap-default\">\n\t\t\t\t\t<div class=\"aux-parallax-section elementor-column elementor-col-100 elementor-top-column elementor-element elementor-element-c860d35\" data-id=\"c860d35\" data-element_type=\"column\">\n\t\t\t<div class=\"elementor-widget-wrap elementor-element-populated\">\n\t\t\t\t\t\t<div class=\"elementor-element elementor-element-7e635ae elementor-widget elementor-widget-heading\" data-id=\"7e635ae\" data-element_type=\"widget\" data-widget_type=\"heading.default\">\n\t\t\t\t<div class=\"elementor-widget-container\">\n\t\t\t<h2 class=\"elementor-heading-title elementor-size-default\">CEG\u0141A<\/h2>\t\t<\/div>\n\t\t\t\t<\/div>\n\t\t\t\t\t<\/div>\n\t\t<\/div>\n\t\t\t\t\t<\/div>\n\t\t<\/section>\n\t\t\t\t<section class=\"elementor-section elementor-top-section elementor-element elementor-element-a2844b7 elementor-section-boxed elementor-section-height-default elementor-section-height-default\" data-id=\"a2844b7\" data-element_type=\"section\">\n\t\t\t\t\t\t<div class=\"elementor-container elementor-column-gap-default\">\n\t\t\t\t\t<div class=\"aux-parallax-section elementor-column elementor-col-100 elementor-top-column elementor-element elementor-element-78c9cdb\" data-id=\"78c9cdb\" data-element_type=\"column\">\n\t\t\t<div class=\"elementor-widget-wrap elementor-element-populated\">\n\t\t\t\t\t\t<div class=\"elementor-element elementor-element-c5795f2 gallery-spacing-custom elementor-widget elementor-widget-image-gallery\" data-id=\"c5795f2\" data-element_type=\"widget\" data-widget_type=\"image-gallery.default\">\n\t\t\t\t<div class=\"elementor-widget-container\">\n\t\t\t\t\t<div class=\"elementor-image-gallery\">\n\t\t\t<div id='gallery-1' class='gallery galleryid-1107 gallery-columns-4 gallery-size-medium'><figure class='gallery-item'>\n\t\t\t<div class='gallery-icon portrait'>\n\t\t\t\t<a data-elementor-open-lightbox=\"yes\" data-elementor-lightbox-slideshow=\"c5795f2\" data-elementor-lightbox-title=\"ceg\u0142a7\" data-e-action-hash=\"#elementor-action%3Aaction%3Dlightbox%26settings%3DeyJpZCI6MTE4MywidXJsIjoiaHR0cHM6XC9cL3dvbHN6b24ucGxcL3dwLWNvbnRlbnRcL3VwbG9hZHNcLzIwMjNcLzEwXC9jZWdsYTctMS5qcGciLCJzbGlkZXNob3ciOiJjNTc5NWYyIn0%3D\" href='https:\/\/wolszon.pl\/wp-content\/uploads\/2023\/10\/cegla7-1.jpg'><img decoding=\"async\" width=\"300\" height=\"300\" src=\"https:\/\/wolszon.pl\/wp-content\/uploads\/2023\/10\/cegla7-1-300x300.jpg\" class=\"attachment-medium size-medium\" alt=\"\" srcset=\"https:\/\/wolszon.pl\/wp-content\/uploads\/2023\/10\/cegla7-1-300x300.jpg 300w, https:\/\/wolszon.pl\/wp-content\/uploads\/2023\/10\/cegla7-1-1024x1024.jpg 1024w, https:\/\/wolszon.pl\/wp-content\/uploads\/2023\/10\/cegla7-1-150x150.jpg 150w, https:\/\/wolszon.pl\/wp-content\/uploads\/2023\/10\/cegla7-1-768x768.jpg 768w\" sizes=\"(max-width: 300px) 100vw, 300px\" \/><\/a>\n\t\t\t<\/div><\/figure><figure class='gallery-item'>\n\t\t\t<div class='gallery-icon portrait'>\n\t\t\t\t<a data-elementor-open-lightbox=\"yes\" data-elementor-lightbox-slideshow=\"c5795f2\" data-elementor-lightbox-title=\"Ceg\u0142a8\" data-e-action-hash=\"#elementor-action%3Aaction%3Dlightbox%26settings%3DeyJpZCI6MTE4NSwidXJsIjoiaHR0cHM6XC9cL3dvbHN6b24ucGxcL3dwLWNvbnRlbnRcL3VwbG9hZHNcLzIwMjNcLzEwXC9DZWdsYTgtMS5qcGciLCJzbGlkZXNob3ciOiJjNTc5NWYyIn0%3D\" href='https:\/\/wolszon.pl\/wp-content\/uploads\/2023\/10\/Cegla8-1.jpg'><img decoding=\"async\" width=\"300\" height=\"300\" src=\"https:\/\/wolszon.pl\/wp-content\/uploads\/2023\/10\/Cegla8-1-300x300.jpg\" class=\"attachment-medium size-medium\" alt=\"\" srcset=\"https:\/\/wolszon.pl\/wp-content\/uploads\/2023\/10\/Cegla8-1-300x300.jpg 300w, https:\/\/wolszon.pl\/wp-content\/uploads\/2023\/10\/Cegla8-1-150x150.jpg 150w, https:\/\/wolszon.pl\/wp-content\/uploads\/2023\/10\/Cegla8-1-768x768.jpg 768w\" sizes=\"(max-width: 300px) 100vw, 300px\" \/><\/a>\n\t\t\t<\/div><\/figure><figure class='gallery-item'>\n\t\t\t<div class='gallery-icon portrait'>\n\t\t\t\t<a data-elementor-open-lightbox=\"yes\" data-elementor-lightbox-slideshow=\"c5795f2\" data-elementor-lightbox-title=\"Ceg\u0142a9\" data-e-action-hash=\"#elementor-action%3Aaction%3Dlightbox%26settings%3DeyJpZCI6MTE4NiwidXJsIjoiaHR0cHM6XC9cL3dvbHN6b24ucGxcL3dwLWNvbnRlbnRcL3VwbG9hZHNcLzIwMjNcLzEwXC9DZWdsYTktMi5qcGciLCJzbGlkZXNob3ciOiJjNTc5NWYyIn0%3D\" href='https:\/\/wolszon.pl\/wp-content\/uploads\/2023\/10\/Cegla9-2.jpg'><img loading=\"lazy\" decoding=\"async\" width=\"300\" height=\"300\" src=\"https:\/\/wolszon.pl\/wp-content\/uploads\/2023\/10\/Cegla9-2-300x300.jpg\" class=\"attachment-medium size-medium\" alt=\"\" srcset=\"https:\/\/wolszon.pl\/wp-content\/uploads\/2023\/10\/Cegla9-2-300x300.jpg 300w, https:\/\/wolszon.pl\/wp-content\/uploads\/2023\/10\/Cegla9-2-1024x1024.jpg 1024w, https:\/\/wolszon.pl\/wp-content\/uploads\/2023\/10\/Cegla9-2-150x150.jpg 150w, https:\/\/wolszon.pl\/wp-content\/uploads\/2023\/10\/Cegla9-2-768x768.jpg 768w\" sizes=\"(max-width: 300px) 100vw, 300px\" \/><\/a>\n\t\t\t<\/div><\/figure><figure class='gallery-item'>\n\t\t\t<div class='gallery-icon landscape'>\n\t\t\t\t<a data-elementor-open-lightbox=\"yes\" data-elementor-lightbox-slideshow=\"c5795f2\" data-elementor-lightbox-title=\"Ceg\u0142a10\" data-e-action-hash=\"#elementor-action%3Aaction%3Dlightbox%26settings%3DeyJpZCI6MTE4NywidXJsIjoiaHR0cHM6XC9cL3dvbHN6b24ucGxcL3dwLWNvbnRlbnRcL3VwbG9hZHNcLzIwMjNcLzEwXC9DZWdsYTEwLTIuanBnIiwic2xpZGVzaG93IjoiYzU3OTVmMiJ9\" href='https:\/\/wolszon.pl\/wp-content\/uploads\/2023\/10\/Cegla10-2.jpg'><img loading=\"lazy\" decoding=\"async\" width=\"300\" height=\"300\" src=\"https:\/\/wolszon.pl\/wp-content\/uploads\/2023\/10\/Cegla10-2-300x300.jpg\" class=\"attachment-medium size-medium\" alt=\"\" srcset=\"https:\/\/wolszon.pl\/wp-content\/uploads\/2023\/10\/Cegla10-2-300x300.jpg 300w, https:\/\/wolszon.pl\/wp-content\/uploads\/2023\/10\/Cegla10-2-150x150.jpg 150w, https:\/\/wolszon.pl\/wp-content\/uploads\/2023\/10\/Cegla10-2-768x768.jpg 768w\" sizes=\"(max-width: 300px) 100vw, 300px\" \/><\/a>\n\t\t\t<\/div><\/figure><figure class='gallery-item'>\n\t\t\t<div class='gallery-icon portrait'>\n\t\t\t\t<a data-elementor-open-lightbox=\"yes\" data-elementor-lightbox-slideshow=\"c5795f2\" data-elementor-lightbox-title=\"Ceg\u0142a11\" data-e-action-hash=\"#elementor-action%3Aaction%3Dlightbox%26settings%3DeyJpZCI6MTE4OCwidXJsIjoiaHR0cHM6XC9cL3dvbHN6b24ucGxcL3dwLWNvbnRlbnRcL3VwbG9hZHNcLzIwMjNcLzEwXC9DZWdsYTExLTEuanBnIiwic2xpZGVzaG93IjoiYzU3OTVmMiJ9\" href='https:\/\/wolszon.pl\/wp-content\/uploads\/2023\/10\/Cegla11-1.jpg'><img loading=\"lazy\" decoding=\"async\" width=\"300\" height=\"300\" src=\"https:\/\/wolszon.pl\/wp-content\/uploads\/2023\/10\/Cegla11-1-300x300.jpg\" class=\"attachment-medium size-medium\" alt=\"\" srcset=\"https:\/\/wolszon.pl\/wp-content\/uploads\/2023\/10\/Cegla11-1-300x300.jpg 300w, https:\/\/wolszon.pl\/wp-content\/uploads\/2023\/10\/Cegla11-1-1024x1024.jpg 1024w, https:\/\/wolszon.pl\/wp-content\/uploads\/2023\/10\/Cegla11-1-150x150.jpg 150w, https:\/\/wolszon.pl\/wp-content\/uploads\/2023\/10\/Cegla11-1-768x768.jpg 768w\" sizes=\"(max-width: 300px) 100vw, 300px\" \/><\/a>\n\t\t\t<\/div><\/figure><figure class='gallery-item'>\n\t\t\t<div class='gallery-icon landscape'>\n\t\t\t\t<a data-elementor-open-lightbox=\"yes\" data-elementor-lightbox-slideshow=\"c5795f2\" data-elementor-lightbox-title=\"Ceg\u0142a12\" data-e-action-hash=\"#elementor-action%3Aaction%3Dlightbox%26settings%3DeyJpZCI6MTE4OSwidXJsIjoiaHR0cHM6XC9cL3dvbHN6b24ucGxcL3dwLWNvbnRlbnRcL3VwbG9hZHNcLzIwMjNcLzEwXC9DZWdsYTEyLTEtZTE2OTY0ODc0MDM0NjEuanBnIiwic2xpZGVzaG93IjoiYzU3OTVmMiJ9\" href='https:\/\/wolszon.pl\/wp-content\/uploads\/2023\/10\/Cegla12-1-e1696487403461.jpg'><img loading=\"lazy\" decoding=\"async\" width=\"300\" height=\"300\" src=\"https:\/\/wolszon.pl\/wp-content\/uploads\/2023\/10\/Cegla12-1-e1696487403461-300x300.jpg\" class=\"attachment-medium size-medium\" alt=\"\" srcset=\"https:\/\/wolszon.pl\/wp-content\/uploads\/2023\/10\/Cegla12-1-e1696487403461-300x300.jpg 300w, https:\/\/wolszon.pl\/wp-content\/uploads\/2023\/10\/Cegla12-1-e1696487403461-150x150.jpg 150w, https:\/\/wolszon.pl\/wp-content\/uploads\/2023\/10\/Cegla12-1-e1696487403461-768x768.jpg 768w\" sizes=\"(max-width: 300px) 100vw, 300px\" \/><\/a>\n\t\t\t<\/div><\/figure><figure class='gallery-item'>\n\t\t\t<div class='gallery-icon portrait'>\n\t\t\t\t<a data-elementor-open-lightbox=\"yes\" data-elementor-lightbox-slideshow=\"c5795f2\" data-elementor-lightbox-title=\"Ceg\u0142a1\" data-e-action-hash=\"#elementor-action%3Aaction%3Dlightbox%26settings%3DeyJpZCI6MTE5MCwidXJsIjoiaHR0cHM6XC9cL3dvbHN6b24ucGxcL3dwLWNvbnRlbnRcL3VwbG9hZHNcLzIwMjNcLzEwXC9DZWdsYTEtMi5qcGciLCJzbGlkZXNob3ciOiJjNTc5NWYyIn0%3D\" href='https:\/\/wolszon.pl\/wp-content\/uploads\/2023\/10\/Cegla1-2.jpg'><img loading=\"lazy\" decoding=\"async\" width=\"300\" height=\"300\" src=\"https:\/\/wolszon.pl\/wp-content\/uploads\/2023\/10\/Cegla1-2-300x300.jpg\" class=\"attachment-medium size-medium\" alt=\"\" srcset=\"https:\/\/wolszon.pl\/wp-content\/uploads\/2023\/10\/Cegla1-2-300x300.jpg 300w, https:\/\/wolszon.pl\/wp-content\/uploads\/2023\/10\/Cegla1-2-1024x1024.jpg 1024w, https:\/\/wolszon.pl\/wp-content\/uploads\/2023\/10\/Cegla1-2-150x150.jpg 150w, https:\/\/wolszon.pl\/wp-content\/uploads\/2023\/10\/Cegla1-2-768x768.jpg 768w\" sizes=\"(max-width: 300px) 100vw, 300px\" \/><\/a>\n\t\t\t<\/div><\/figure><figure class='gallery-item'>\n\t\t\t<div class='gallery-icon landscape'>\n\t\t\t\t<a data-elementor-open-lightbox=\"yes\" data-elementor-lightbox-slideshow=\"c5795f2\" data-elementor-lightbox-title=\"ceg\u0142a2\" data-e-action-hash=\"#elementor-action%3Aaction%3Dlightbox%26settings%3DeyJpZCI6MTE5MSwidXJsIjoiaHR0cHM6XC9cL3dvbHN6b24ucGxcL3dwLWNvbnRlbnRcL3VwbG9hZHNcLzIwMjNcLzEwXC9jZWdsYTItMS5qcGciLCJzbGlkZXNob3ciOiJjNTc5NWYyIn0%3D\" href='https:\/\/wolszon.pl\/wp-content\/uploads\/2023\/10\/cegla2-1.jpg'><img loading=\"lazy\" decoding=\"async\" width=\"300\" height=\"300\" src=\"https:\/\/wolszon.pl\/wp-content\/uploads\/2023\/10\/cegla2-1-300x300.jpg\" class=\"attachment-medium size-medium\" alt=\"\" srcset=\"https:\/\/wolszon.pl\/wp-content\/uploads\/2023\/10\/cegla2-1-300x300.jpg 300w, https:\/\/wolszon.pl\/wp-content\/uploads\/2023\/10\/cegla2-1-1024x1024.jpg 1024w, https:\/\/wolszon.pl\/wp-content\/uploads\/2023\/10\/cegla2-1-150x150.jpg 150w, https:\/\/wolszon.pl\/wp-content\/uploads\/2023\/10\/cegla2-1-768x768.jpg 768w\" sizes=\"(max-width: 300px) 100vw, 300px\" \/><\/a>\n\t\t\t<\/div><\/figure><figure class='gallery-item'>\n\t\t\t<div class='gallery-icon portrait'>\n\t\t\t\t<a data-elementor-open-lightbox=\"yes\" data-elementor-lightbox-slideshow=\"c5795f2\" data-elementor-lightbox-title=\"ceg\u0142a3\" data-e-action-hash=\"#elementor-action%3Aaction%3Dlightbox%26settings%3DeyJpZCI6MTE5MiwidXJsIjoiaHR0cHM6XC9cL3dvbHN6b24ucGxcL3dwLWNvbnRlbnRcL3VwbG9hZHNcLzIwMjNcLzEwXC9jZWdsYTMtMS5qcGciLCJzbGlkZXNob3ciOiJjNTc5NWYyIn0%3D\" href='https:\/\/wolszon.pl\/wp-content\/uploads\/2023\/10\/cegla3-1.jpg'><img loading=\"lazy\" decoding=\"async\" width=\"300\" height=\"300\" src=\"https:\/\/wolszon.pl\/wp-content\/uploads\/2023\/10\/cegla3-1-300x300.jpg\" class=\"attachment-medium size-medium\" alt=\"\" srcset=\"https:\/\/wolszon.pl\/wp-content\/uploads\/2023\/10\/cegla3-1-300x300.jpg 300w, https:\/\/wolszon.pl\/wp-content\/uploads\/2023\/10\/cegla3-1-1024x1024.jpg 1024w, https:\/\/wolszon.pl\/wp-content\/uploads\/2023\/10\/cegla3-1-150x150.jpg 150w, https:\/\/wolszon.pl\/wp-content\/uploads\/2023\/10\/cegla3-1-768x768.jpg 768w\" sizes=\"(max-width: 300px) 100vw, 300px\" \/><\/a>\n\t\t\t<\/div><\/figure><figure class='gallery-item'>\n\t\t\t<div class='gallery-icon portrait'>\n\t\t\t\t<a data-elementor-open-lightbox=\"yes\" data-elementor-lightbox-slideshow=\"c5795f2\" data-elementor-lightbox-title=\"ceg\u0142a4\" data-e-action-hash=\"#elementor-action%3Aaction%3Dlightbox%26settings%3DeyJpZCI6MTE5MywidXJsIjoiaHR0cHM6XC9cL3dvbHN6b24ucGxcL3dwLWNvbnRlbnRcL3VwbG9hZHNcLzIwMjNcLzEwXC9jZWdsYTQtMS5qcGciLCJzbGlkZXNob3ciOiJjNTc5NWYyIn0%3D\" href='https:\/\/wolszon.pl\/wp-content\/uploads\/2023\/10\/cegla4-1.jpg'><img loading=\"lazy\" decoding=\"async\" width=\"300\" height=\"300\" src=\"https:\/\/wolszon.pl\/wp-content\/uploads\/2023\/10\/cegla4-1-300x300.jpg\" class=\"attachment-medium size-medium\" alt=\"\" srcset=\"https:\/\/wolszon.pl\/wp-content\/uploads\/2023\/10\/cegla4-1-300x300.jpg 300w, https:\/\/wolszon.pl\/wp-content\/uploads\/2023\/10\/cegla4-1-1024x1024.jpg 1024w, https:\/\/wolszon.pl\/wp-content\/uploads\/2023\/10\/cegla4-1-150x150.jpg 150w, https:\/\/wolszon.pl\/wp-content\/uploads\/2023\/10\/cegla4-1-768x768.jpg 768w\" sizes=\"(max-width: 300px) 100vw, 300px\" \/><\/a>\n\t\t\t<\/div><\/figure><figure class='gallery-item'>\n\t\t\t<div class='gallery-icon portrait'>\n\t\t\t\t<a data-elementor-open-lightbox=\"yes\" data-elementor-lightbox-slideshow=\"c5795f2\" data-elementor-lightbox-title=\"ceg\u0142a5\" data-e-action-hash=\"#elementor-action%3Aaction%3Dlightbox%26settings%3DeyJpZCI6MTE5NCwidXJsIjoiaHR0cHM6XC9cL3dvbHN6b24ucGxcL3dwLWNvbnRlbnRcL3VwbG9hZHNcLzIwMjNcLzEwXC9jZWdsYTUtMi5qcGciLCJzbGlkZXNob3ciOiJjNTc5NWYyIn0%3D\" href='https:\/\/wolszon.pl\/wp-content\/uploads\/2023\/10\/cegla5-2.jpg'><img loading=\"lazy\" decoding=\"async\" width=\"300\" height=\"300\" src=\"https:\/\/wolszon.pl\/wp-content\/uploads\/2023\/10\/cegla5-2-300x300.jpg\" class=\"attachment-medium size-medium\" alt=\"\" srcset=\"https:\/\/wolszon.pl\/wp-content\/uploads\/2023\/10\/cegla5-2-300x300.jpg 300w, https:\/\/wolszon.pl\/wp-content\/uploads\/2023\/10\/cegla5-2-150x150.jpg 150w\" sizes=\"(max-width: 300px) 100vw, 300px\" \/><\/a>\n\t\t\t<\/div><\/figure><figure class='gallery-item'>\n\t\t\t<div class='gallery-icon portrait'>\n\t\t\t\t<a data-elementor-open-lightbox=\"yes\" data-elementor-lightbox-slideshow=\"c5795f2\" data-elementor-lightbox-title=\"ceg\u0142a6\" data-e-action-hash=\"#elementor-action%3Aaction%3Dlightbox%26settings%3DeyJpZCI6MTE5NSwidXJsIjoiaHR0cHM6XC9cL3dvbHN6b24ucGxcL3dwLWNvbnRlbnRcL3VwbG9hZHNcLzIwMjNcLzEwXC9jZWdsYTYtMi5qcGciLCJzbGlkZXNob3ciOiJjNTc5NWYyIn0%3D\" href='https:\/\/wolszon.pl\/wp-content\/uploads\/2023\/10\/cegla6-2.jpg'><img loading=\"lazy\" decoding=\"async\" width=\"300\" height=\"300\" src=\"https:\/\/wolszon.pl\/wp-content\/uploads\/2023\/10\/cegla6-2-300x300.jpg\" class=\"attachment-medium size-medium\" alt=\"\" srcset=\"https:\/\/wolszon.pl\/wp-content\/uploads\/2023\/10\/cegla6-2-300x300.jpg 300w, https:\/\/wolszon.pl\/wp-content\/uploads\/2023\/10\/cegla6-2-1024x1024.jpg 1024w, https:\/\/wolszon.pl\/wp-content\/uploads\/2023\/10\/cegla6-2-150x150.jpg 150w, https:\/\/wolszon.pl\/wp-content\/uploads\/2023\/10\/cegla6-2-768x768.jpg 768w\" sizes=\"(max-width: 300px) 100vw, 300px\" \/><\/a>\n\t\t\t<\/div><\/figure>\n\t\t<\/div>\n\t\t<\/div>\n\t\t\t\t<\/div>\n\t\t\t\t<\/div>\n\t\t\t\t\t<\/div>\n\t\t<\/div>\n\t\t\t\t\t<\/div>\n\t\t<\/section>\n\t\t\t\t<\/div>\n\t\t","protected":false},"excerpt":{"rendered":"<p>INWESTYCJ\u0118 Z NASZYM PRODUKTEM REALIZACJE Zapraszamy do zapoznania si\u0119 z naszymi najnowszymi realizacjami, kt\u00f3re przedstawiaj\u0105 nasz\u0105 zdolno\u015b\u0107 do dostarczania wyj\u0105tkowych rozwi\u0105za\u0144 i satysfakcjonuj\u0105cych rezultat\u00f3w dla naszych klient\u00f3w. Nasza galeria realizacji to miejsce, gdzie prezentujemy projekty, na kt\u00f3rych u\u017cyto nasz produkt. Odkryj r\u00f3\u017cnorodno\u015b\u0107 naszych osi\u0105gni\u0119\u0107 i zainspiruj si\u0119. CEG\u0141A<\/p>\n","protected":false},"author":1,"featured_media":0,"parent":0,"menu_order":0,"comment_status":"closed","ping_status":"closed","template":"","meta":{"footnotes":""},"class_list":["post-1107","page","type-page","status-publish","hentry"],"_links":{"self":[{"href":"https:\/\/wolszon.pl\/index.php\/wp-json\/wp\/v2\/pages\/1107"}],"collection":[{"href":"https:\/\/wolszon.pl\/index.php\/wp-json\/wp\/v2\/pages"}],"about":[{"href":"https:\/\/wolszon.pl\/index.php\/wp-json\/wp\/v2\/types\/page"}],"author":[{"embeddable":true,"href":"https:\/\/wolszon.pl\/index.php\/wp-json\/wp\/v2\/users\/1"}],"replies":[{"embeddable":true,"href":"https:\/\/wolszon.pl\/index.php\/wp-json\/wp\/v2\/comments?post=1107"}],"version-history":[{"count":4,"href":"https:\/\/wolszon.pl\/index.php\/wp-json\/wp\/v2\/pages\/1107\/revisions"}],"predecessor-version":[{"id":1198,"href":"https:\/\/wolszon.pl\/index.php\/wp-json\/wp\/v2\/pages\/1107\/revisions\/1198"}],"wp:attachment":[{"href":"https:\/\/wolszon.pl\/index.php\/wp-json\/wp\/v2\/media?parent=1107"}],"curies":[{"name":"wp","href":"https:\/\/api.w.org\/{rel}","templated":true}]}}