{"id":1111,"date":"2023-10-04T14:29:05","date_gmt":"2023-10-04T12:29:05","guid":{"rendered":"http:\/\/serwer103124.lh.pl\/autoinstalator\/serwer103124.lh.pl\/wordpress35182\/?page_id=1111"},"modified":"2024-08-07T08:23:14","modified_gmt":"2024-08-07T06:23:14","slug":"probki-ryfle-elewacyjne-dekoracyjne","status":"publish","type":"page","link":"https:\/\/wolszon.pl\/index.php\/probki-ryfle-elewacyjne-dekoracyjne\/","title":{"rendered":"Pr\u00f3bki: Ryfle Elewacyjne Dekoracyjne"},"content":{"rendered":"\t\t<div data-elementor-type=\"wp-page\" data-elementor-id=\"1111\" class=\"elementor elementor-1111\">\n\t\t\t\t\t\t<section class=\"elementor-section elementor-top-section elementor-element elementor-element-0df1af0 elementor-section-content-middle elementor-reverse-tablet elementor-reverse-mobile elementor-section-full_width elementor-section-height-default elementor-section-height-default\" data-id=\"0df1af0\" data-element_type=\"section\">\n\t\t\t\t\t\t<div class=\"elementor-container elementor-column-gap-default\">\n\t\t\t\t\t<div class=\"aux-parallax-section elementor-column elementor-col-50 elementor-top-column elementor-element elementor-element-7db153f\" data-id=\"7db153f\" data-element_type=\"column\">\n\t\t\t<div class=\"elementor-widget-wrap elementor-element-populated\">\n\t\t\t\t\t\t<div class=\"elementor-element elementor-element-87147be aux-appear-watch-animation aux-fade-in-up-1 elementor-widget elementor-widget-aux_modern_heading\" data-id=\"87147be\" data-element_type=\"widget\" data-widget_type=\"aux_modern_heading.default\">\n\t\t\t\t<div class=\"elementor-widget-container\">\n\t\t\t<section class=\"aux-widget-modern-heading\">\n            <div class=\"aux-widget-inner\"><h2 class=\"aux-modern-heading-primary\">ZNAJD\u0179 SW\u00d3J RYFLI<\/h2><h3 class=\"aux-modern-heading-secondary\"><span class=\"aux-head-before\">pr\u00f3bki ryfli<\/span><\/h3><\/div>\n        <\/section>\t\t<\/div>\n\t\t\t\t<\/div>\n\t\t\t\t<div class=\"elementor-element elementor-element-b4aa069 aux-appear-watch-animation aux-fade-in-up-1 elementor-widget elementor-widget-aux_text\" data-id=\"b4aa069\" data-element_type=\"widget\" data-widget_type=\"aux_text.default\">\n\t\t\t\t<div class=\"elementor-widget-container\">\n\t\t\t<section class=\"widget-container aux-widget-text aux-parent-aufc711373\">        <div class=\"aux-widget-advanced-text aux-wrap-style-simple aux-ico-pos-left aux-text-center aux-text-resp- aux-text-color-dark aux-text-widget-bg-center  aux-text-padding-fix \" >\n        \n                            <div class=\"aux-text-widget-header \"  >\n                        <div class=\"aux-ico-box aux-ico-large aux-ico-shape-circle aux-ico-clear \">\n                                                            <span class=\"aux-ico far fa-check-circle\" > <\/span>\n                                                    <\/div>\n                <\/div>\n            \n            <div class=\"aux-text-inner aux-text-widget-content\">\n                                <h4 class=\"col-title\">Wybierz Pr\u00f3bki<\/h4>\n                                <div class=\"widget-content\">\n                                        <p>Zam\u00f3w pr\u00f3bki produktu i przekonaj si\u0119, jak efektywnie mog\u0105 odmieni\u0107 wygl\u0105d<\/p><p>Twojego domu.<\/p>                <\/div>\n                            <\/div>\n        <\/div>\n                    <div class=\"aux-text-widget-footer\">\n                <div class=\"aux-border-shape-none \">\n                                <\/div>\n            <\/div>\n        \n<\/section><!-- widget-container -->\t\t<\/div>\n\t\t\t\t<\/div>\n\t\t\t\t<div class=\"elementor-element elementor-element-6236a8a aux-appear-watch-animation aux-fade-in-up-1 elementor-widget elementor-widget-aux_text\" data-id=\"6236a8a\" data-element_type=\"widget\" data-widget_type=\"aux_text.default\">\n\t\t\t\t<div class=\"elementor-widget-container\">\n\t\t\t<section class=\"widget-container aux-widget-text aux-parent-au5396309b\">        <div class=\"aux-widget-advanced-text aux-wrap-style-simple aux-ico-pos-left aux-text-center aux-text-resp- aux-text-color-dark aux-text-widget-bg-center  aux-text-padding-fix \" >\n        \n                            <div class=\"aux-text-widget-header \"  >\n                        <div class=\"aux-ico-box aux-ico-large aux-ico-shape-circle aux-ico-clear \">\n                                                            <span class=\"aux-ico auxicon auxicon-question-1\" > <\/span>\n                                                    <\/div>\n                <\/div>\n            \n            <div class=\"aux-text-inner aux-text-widget-content\">\n                                <h4 class=\"col-title\">Szukasz innego koloru?<\/h4>\n                                <div class=\"widget-content\">\n                                        <p>Wykonamy bezp\u0142atnie kolor pod Twoj\u0105 inwestycj\u0119.\u00a0<\/p>                <\/div>\n                            <\/div>\n        <\/div>\n                    <div class=\"aux-text-widget-footer\">\n                <div class=\"aux-border-shape-none \">\n                                <\/div>\n            <\/div>\n        \n<\/section><!-- widget-container -->\t\t<\/div>\n\t\t\t\t<\/div>\n\t\t\t\t<div class=\"elementor-element elementor-element-991567c aux-appear-watch-animation aux-fade-in-up-1 elementor-widget elementor-widget-aux_button\" data-id=\"991567c\" data-element_type=\"widget\" data-widget_type=\"aux_button.default\">\n\t\t\t\t<div class=\"elementor-widget-container\">\n\t\t\t<a  href=\"\/index.php\/zamow-probki\/\" target=\"_self\"   class=\"aux-button aux-medium aux-carmine-pink aux-curve aux-none aux-uppercase\" ><span class=\"aux-overlay\"><\/span><span class=\"aux-text\">Zam\u00f3w pr\u00f3bki<\/span><\/a>\t\t<\/div>\n\t\t\t\t<\/div>\n\t\t\t\t\t<\/div>\n\t\t<\/div>\n\t\t\t\t<div class=\"aux-parallax-section elementor-column elementor-col-50 elementor-top-column elementor-element elementor-element-a6c123f\" data-id=\"a6c123f\" data-element_type=\"column\">\n\t\t\t<div class=\"elementor-widget-wrap elementor-element-populated\">\n\t\t\t\t\t\t<div class=\"elementor-element elementor-element-8bd93a2 aux-appear-watch-animation aux-scale-up-1 elementor-widget elementor-widget-aux_image\" data-id=\"8bd93a2\" data-element_type=\"widget\" data-widget_type=\"aux_image.default\">\n\t\t\t\t<div class=\"elementor-widget-container\">\n\t\t\t<section class=\"widget-container aux-widget-image aux-alignnone aux-parent-au339615ea\">\n    <div class=\"aux-media-hint-frame \">\n        <div class=\"aux-media-image \" >\n        \n            \n\n            \n            <img fetchpriority=\"high\" decoding=\"async\" width=\"1537\" height=\"834\" src=\"data:image\/gif;base64,R0lGODlhAQABAIAAAAAAAP\/\/\/yH5BAEAAAAALAAAAAABAAEAAAIBRAA7\" class=\"aux-attachment aux-featured-image aux-attachment-id-1160 aux-preload aux-blank\" alt=\"Panele Ryfle\" data-ratio=\"1.84\" data-original-w=\"1537\" data-src=\"https:\/\/wolszon.pl\/wp-content\/uploads\/2023\/10\/Panele-Ryfle-1-e1696427814611.jpeg\" \/>            \n                <\/div>\n    <\/div>\n\n<\/section><!-- widget-container -->\t\t<\/div>\n\t\t\t\t<\/div>\n\t\t\t\t\t<\/div>\n\t\t<\/div>\n\t\t\t\t\t<\/div>\n\t\t<\/section>\n\t\t\t\t<section class=\"elementor-section elementor-top-section elementor-element elementor-element-1e14d62 elementor-section-boxed elementor-section-height-default elementor-section-height-default\" data-id=\"1e14d62\" data-element_type=\"section\">\n\t\t\t\t\t\t<div class=\"elementor-container elementor-column-gap-default\">\n\t\t\t\t\t<div class=\"aux-parallax-section elementor-column elementor-col-100 elementor-top-column elementor-element elementor-element-35ca0c5\" data-id=\"35ca0c5\" data-element_type=\"column\">\n\t\t\t<div class=\"elementor-widget-wrap elementor-element-populated\">\n\t\t\t\t\t\t<div class=\"elementor-element elementor-element-ac0f21d elementor-widget elementor-widget-heading\" data-id=\"ac0f21d\" data-element_type=\"widget\" data-widget_type=\"heading.default\">\n\t\t\t\t<div class=\"elementor-widget-container\">\n\t\t\t<h2 class=\"elementor-heading-title elementor-size-default\">Ryfle Elewacyjne Dekoracyjne <\/h2>\t\t<\/div>\n\t\t\t\t<\/div>\n\t\t\t\t\t<\/div>\n\t\t<\/div>\n\t\t\t\t\t<\/div>\n\t\t<\/section>\n\t\t\t\t<section class=\"elementor-section elementor-top-section elementor-element elementor-element-6d82e92 elementor-section-boxed elementor-section-height-default elementor-section-height-default\" data-id=\"6d82e92\" data-element_type=\"section\">\n\t\t\t\t\t\t<div class=\"elementor-container elementor-column-gap-default\">\n\t\t\t\t\t<div class=\"aux-parallax-section elementor-column elementor-col-100 elementor-top-column elementor-element elementor-element-e6cb212\" data-id=\"e6cb212\" data-element_type=\"column\">\n\t\t\t<div class=\"elementor-widget-wrap\">\n\t\t\t\t\t\t\t<\/div>\n\t\t<\/div>\n\t\t\t\t\t<\/div>\n\t\t<\/section>\n\t\t\t\t<section class=\"elementor-section elementor-top-section elementor-element elementor-element-40fbf80 elementor-section-boxed elementor-section-height-default elementor-section-height-default\" data-id=\"40fbf80\" data-element_type=\"section\">\n\t\t\t\t\t\t<div class=\"elementor-container elementor-column-gap-default\">\n\t\t\t\t\t<div class=\"aux-parallax-section elementor-column elementor-col-100 elementor-top-column elementor-element elementor-element-f647e40\" data-id=\"f647e40\" data-element_type=\"column\">\n\t\t\t<div class=\"elementor-widget-wrap elementor-element-populated\">\n\t\t\t\t\t\t<div class=\"elementor-element elementor-element-53765de gallery-spacing-custom elementor-widget elementor-widget-image-gallery\" data-id=\"53765de\" data-element_type=\"widget\" data-widget_type=\"image-gallery.default\">\n\t\t\t\t<div class=\"elementor-widget-container\">\n\t\t\t\t\t<div class=\"elementor-image-gallery\">\n\t\t\t<div id='gallery-1' class='gallery galleryid-1111 gallery-columns-3 gallery-size-medium_large'><figure class='gallery-item'>\n\t\t\t<div class='gallery-icon portrait'>\n\t\t\t\t<a data-elementor-open-lightbox=\"yes\" data-elementor-lightbox-slideshow=\"53765de\" data-elementor-lightbox-title=\"ryfel surowy\" data-e-action-hash=\"#elementor-action%3Aaction%3Dlightbox%26settings%3DeyJpZCI6MTU2MiwidXJsIjoiaHR0cHM6XC9cL3dvbHN6b24ucGxcL3dwLWNvbnRlbnRcL3VwbG9hZHNcLzIwMjRcLzA3XC9yeWZlbC1zdXJvd3ktLXNjYWxlZC5qcGciLCJzbGlkZXNob3ciOiI1Mzc2NWRlIn0%3D\" href='https:\/\/wolszon.pl\/wp-content\/uploads\/2024\/07\/ryfel-surowy--scaled.jpg'><img decoding=\"async\" width=\"768\" height=\"768\" src=\"https:\/\/wolszon.pl\/wp-content\/uploads\/2024\/07\/ryfel-surowy--768x768.jpg\" class=\"attachment-medium_large size-medium_large\" alt=\"\" srcset=\"https:\/\/wolszon.pl\/wp-content\/uploads\/2024\/07\/ryfel-surowy--768x768.jpg 768w, https:\/\/wolszon.pl\/wp-content\/uploads\/2024\/07\/ryfel-surowy--300x300.jpg 300w, https:\/\/wolszon.pl\/wp-content\/uploads\/2024\/07\/ryfel-surowy--1024x1024.jpg 1024w, https:\/\/wolszon.pl\/wp-content\/uploads\/2024\/07\/ryfel-surowy--150x150.jpg 150w\" sizes=\"(max-width: 768px) 100vw, 768px\" \/><\/a>\n\t\t\t<\/div><\/figure><figure class='gallery-item'>\n\t\t\t<div class='gallery-icon portrait'>\n\t\t\t\t<a data-elementor-open-lightbox=\"yes\" data-elementor-lightbox-slideshow=\"53765de\" data-elementor-lightbox-title=\"ryfel bia\u0142y\" data-e-action-hash=\"#elementor-action%3Aaction%3Dlightbox%26settings%3DeyJpZCI6MTU2MSwidXJsIjoiaHR0cHM6XC9cL3dvbHN6b24ucGxcL3dwLWNvbnRlbnRcL3VwbG9hZHNcLzIwMjRcLzA3XC9yeWZlbC1iaWFseS1zY2FsZWQuanBnIiwic2xpZGVzaG93IjoiNTM3NjVkZSJ9\" href='https:\/\/wolszon.pl\/wp-content\/uploads\/2024\/07\/ryfel-bialy-scaled.jpg'><img decoding=\"async\" width=\"768\" height=\"768\" src=\"https:\/\/wolszon.pl\/wp-content\/uploads\/2024\/07\/ryfel-bialy-768x768.jpg\" class=\"attachment-medium_large size-medium_large\" alt=\"\" srcset=\"https:\/\/wolszon.pl\/wp-content\/uploads\/2024\/07\/ryfel-bialy-768x768.jpg 768w, https:\/\/wolszon.pl\/wp-content\/uploads\/2024\/07\/ryfel-bialy-300x300.jpg 300w, https:\/\/wolszon.pl\/wp-content\/uploads\/2024\/07\/ryfel-bialy-1024x1024.jpg 1024w, https:\/\/wolszon.pl\/wp-content\/uploads\/2024\/07\/ryfel-bialy-150x150.jpg 150w\" sizes=\"(max-width: 768px) 100vw, 768px\" \/><\/a>\n\t\t\t<\/div><\/figure><figure class='gallery-item'>\n\t\t\t<div class='gallery-icon portrait'>\n\t\t\t\t<a data-elementor-open-lightbox=\"yes\" data-elementor-lightbox-slideshow=\"53765de\" data-elementor-lightbox-title=\"ryffel\" data-e-action-hash=\"#elementor-action%3Aaction%3Dlightbox%26settings%3DeyJpZCI6MTU2MywidXJsIjoiaHR0cHM6XC9cL3dvbHN6b24ucGxcL3dwLWNvbnRlbnRcL3VwbG9hZHNcLzIwMjRcLzA3XC9yeWZmZWwtc2NhbGVkLmpwZyIsInNsaWRlc2hvdyI6IjUzNzY1ZGUifQ%3D%3D\" href='https:\/\/wolszon.pl\/wp-content\/uploads\/2024\/07\/ryffel-scaled.jpg'><img loading=\"lazy\" decoding=\"async\" width=\"768\" height=\"768\" src=\"https:\/\/wolszon.pl\/wp-content\/uploads\/2024\/07\/ryffel-768x768.jpg\" class=\"attachment-medium_large size-medium_large\" alt=\"\" srcset=\"https:\/\/wolszon.pl\/wp-content\/uploads\/2024\/07\/ryffel-768x768.jpg 768w, https:\/\/wolszon.pl\/wp-content\/uploads\/2024\/07\/ryffel-300x300.jpg 300w, https:\/\/wolszon.pl\/wp-content\/uploads\/2024\/07\/ryffel-1024x1024.jpg 1024w, https:\/\/wolszon.pl\/wp-content\/uploads\/2024\/07\/ryffel-150x150.jpg 150w\" sizes=\"(max-width: 768px) 100vw, 768px\" \/><\/a>\n\t\t\t<\/div><\/figure>\n\t\t<\/div>\n\t\t<\/div>\n\t\t\t\t<\/div>\n\t\t\t\t<\/div>\n\t\t\t\t\t<\/div>\n\t\t<\/div>\n\t\t\t\t\t<\/div>\n\t\t<\/section>\n\t\t\t\t<\/div>\n\t\t","protected":false},"excerpt":{"rendered":"<p>ZNAJD\u0179 SW\u00d3J RYFLI pr\u00f3bki ryfli Wybierz Pr\u00f3bki Zam\u00f3w pr\u00f3bki produktu i przekonaj si\u0119, jak efektywnie mog\u0105 odmieni\u0107 wygl\u0105d Twojego domu. Szukasz innego koloru? Wykonamy bezp\u0142atnie kolor pod Twoj\u0105 inwestycj\u0119.\u00a0 Zam\u00f3w pr\u00f3bki Ryfle Elewacyjne Dekoracyjne<\/p>\n","protected":false},"author":1,"featured_media":0,"parent":0,"menu_order":0,"comment_status":"closed","ping_status":"closed","template":"","meta":{"footnotes":""},"class_list":["post-1111","page","type-page","status-publish","hentry"],"_links":{"self":[{"href":"https:\/\/wolszon.pl\/index.php\/wp-json\/wp\/v2\/pages\/1111"}],"collection":[{"href":"https:\/\/wolszon.pl\/index.php\/wp-json\/wp\/v2\/pages"}],"about":[{"href":"https:\/\/wolszon.pl\/index.php\/wp-json\/wp\/v2\/types\/page"}],"author":[{"embeddable":true,"href":"https:\/\/wolszon.pl\/index.php\/wp-json\/wp\/v2\/users\/1"}],"replies":[{"embeddable":true,"href":"https:\/\/wolszon.pl\/index.php\/wp-json\/wp\/v2\/comments?post=1111"}],"version-history":[{"count":19,"href":"https:\/\/wolszon.pl\/index.php\/wp-json\/wp\/v2\/pages\/1111\/revisions"}],"predecessor-version":[{"id":1719,"href":"https:\/\/wolszon.pl\/index.php\/wp-json\/wp\/v2\/pages\/1111\/revisions\/1719"}],"wp:attachment":[{"href":"https:\/\/wolszon.pl\/index.php\/wp-json\/wp\/v2\/media?parent=1111"}],"curies":[{"name":"wp","href":"https:\/\/api.w.org\/{rel}","templated":true}]}}