{"id":1113,"date":"2023-10-04T14:30:36","date_gmt":"2023-10-04T12:30:36","guid":{"rendered":"http:\/\/serwer103124.lh.pl\/autoinstalator\/serwer103124.lh.pl\/wordpress35182\/?page_id=1113"},"modified":"2024-08-07T08:24:19","modified_gmt":"2024-08-07T06:24:19","slug":"probki-cegla-elewacyjna-dekoracyjna","status":"publish","type":"page","link":"https:\/\/wolszon.pl\/index.php\/probki-cegla-elewacyjna-dekoracyjna\/","title":{"rendered":"Pr\u00f3bki: Ceg\u0142a Elewacyjna Dekoracyjna"},"content":{"rendered":"\t\t<div data-elementor-type=\"wp-page\" data-elementor-id=\"1113\" class=\"elementor elementor-1113\">\n\t\t\t\t\t\t<section class=\"elementor-section elementor-top-section elementor-element elementor-element-0df1af0 elementor-section-content-middle elementor-reverse-tablet elementor-reverse-mobile elementor-section-full_width elementor-section-height-default elementor-section-height-default\" data-id=\"0df1af0\" data-element_type=\"section\">\n\t\t\t\t\t\t<div class=\"elementor-container elementor-column-gap-default\">\n\t\t\t\t\t<div class=\"aux-parallax-section elementor-column elementor-col-50 elementor-top-column elementor-element elementor-element-7db153f\" data-id=\"7db153f\" data-element_type=\"column\">\n\t\t\t<div class=\"elementor-widget-wrap elementor-element-populated\">\n\t\t\t\t\t\t<div class=\"elementor-element elementor-element-87147be aux-appear-watch-animation aux-fade-in-up-1 elementor-widget elementor-widget-aux_modern_heading\" data-id=\"87147be\" data-element_type=\"widget\" data-widget_type=\"aux_modern_heading.default\">\n\t\t\t\t<div class=\"elementor-widget-container\">\n\t\t\t<section class=\"aux-widget-modern-heading\">\n            <div class=\"aux-widget-inner\"><h2 class=\"aux-modern-heading-primary\">ZNAJD\u0179 SW\u00d3J KOLOR<\/h2><h3 class=\"aux-modern-heading-secondary\"><span class=\"aux-head-before\">pr\u00f3bki ceg\u0142y<\/span><\/h3><\/div>\n        <\/section>\t\t<\/div>\n\t\t\t\t<\/div>\n\t\t\t\t<div class=\"elementor-element elementor-element-b4aa069 aux-appear-watch-animation aux-fade-in-up-1 elementor-widget elementor-widget-aux_text\" data-id=\"b4aa069\" data-element_type=\"widget\" data-widget_type=\"aux_text.default\">\n\t\t\t\t<div class=\"elementor-widget-container\">\n\t\t\t<section class=\"widget-container aux-widget-text aux-parent-au75349ef8\">        <div class=\"aux-widget-advanced-text aux-wrap-style-simple aux-ico-pos-left aux-text-center aux-text-resp- aux-text-color-dark aux-text-widget-bg-center  aux-text-padding-fix \" >\n        \n                            <div class=\"aux-text-widget-header \"  >\n                        <div class=\"aux-ico-box aux-ico-large aux-ico-shape-circle aux-ico-clear \">\n                                                            <span class=\"aux-ico far fa-check-circle\" > <\/span>\n                                                    <\/div>\n                <\/div>\n            \n            <div class=\"aux-text-inner aux-text-widget-content\">\n                                <h4 class=\"col-title\">Wybierz Pr\u00f3bki<\/h4>\n                                <div class=\"widget-content\">\n                                        <p>Zam\u00f3w pr\u00f3bki produktu i przekonaj si\u0119, jak efektywnie mog\u0105 odmieni\u0107 wygl\u0105d<\/p><p>Twojego domu.<\/p>                <\/div>\n                            <\/div>\n        <\/div>\n                    <div class=\"aux-text-widget-footer\">\n                <div class=\"aux-border-shape-none \">\n                                <\/div>\n            <\/div>\n        \n<\/section><!-- widget-container -->\t\t<\/div>\n\t\t\t\t<\/div>\n\t\t\t\t<div class=\"elementor-element elementor-element-6236a8a aux-appear-watch-animation aux-fade-in-up-1 elementor-widget elementor-widget-aux_text\" data-id=\"6236a8a\" data-element_type=\"widget\" data-widget_type=\"aux_text.default\">\n\t\t\t\t<div class=\"elementor-widget-container\">\n\t\t\t<section class=\"widget-container aux-widget-text aux-parent-au8fc05784\">        <div class=\"aux-widget-advanced-text aux-wrap-style-simple aux-ico-pos-left aux-text-center aux-text-resp- aux-text-color-dark aux-text-widget-bg-center  aux-text-padding-fix \" >\n        \n                            <div class=\"aux-text-widget-header \"  >\n                        <div class=\"aux-ico-box aux-ico-large aux-ico-shape-circle aux-ico-clear \">\n                                                            <span class=\"aux-ico auxicon auxicon-question-1\" > <\/span>\n                                                    <\/div>\n                <\/div>\n            \n            <div class=\"aux-text-inner aux-text-widget-content\">\n                                <h4 class=\"col-title\">Szukasz innego koloru?<\/h4>\n                                <div class=\"widget-content\">\n                                        <p>Wykonamy bezp\u0142atnie kolor pod Twoj\u0105 inwestycj\u0119.\u00a0<\/p>                <\/div>\n                            <\/div>\n        <\/div>\n                    <div class=\"aux-text-widget-footer\">\n                <div class=\"aux-border-shape-none \">\n                                <\/div>\n            <\/div>\n        \n<\/section><!-- widget-container -->\t\t<\/div>\n\t\t\t\t<\/div>\n\t\t\t\t<div class=\"elementor-element elementor-element-991567c aux-appear-watch-animation aux-fade-in-up-1 elementor-widget elementor-widget-aux_button\" data-id=\"991567c\" data-element_type=\"widget\" data-widget_type=\"aux_button.default\">\n\t\t\t\t<div class=\"elementor-widget-container\">\n\t\t\t<a  href=\"\/index.php\/zamow-probki\/\" target=\"_self\"   class=\"aux-button aux-medium aux-carmine-pink aux-curve aux-none aux-uppercase\" ><span class=\"aux-overlay\"><\/span><span class=\"aux-text\">Zam\u00f3w pr\u00f3bki<\/span><\/a>\t\t<\/div>\n\t\t\t\t<\/div>\n\t\t\t\t\t<\/div>\n\t\t<\/div>\n\t\t\t\t<div class=\"aux-parallax-section elementor-column elementor-col-50 elementor-top-column elementor-element elementor-element-a6c123f\" data-id=\"a6c123f\" data-element_type=\"column\">\n\t\t\t<div class=\"elementor-widget-wrap elementor-element-populated\">\n\t\t\t\t\t\t<div class=\"elementor-element elementor-element-8bd93a2 aux-appear-watch-animation aux-scale-up-1 elementor-widget elementor-widget-aux_image\" data-id=\"8bd93a2\" data-element_type=\"widget\" data-widget_type=\"aux_image.default\">\n\t\t\t\t<div class=\"elementor-widget-container\">\n\t\t\t<section class=\"widget-container aux-widget-image aux-alignnone aux-parent-aua660e778\">\n    <div class=\"aux-media-hint-frame \">\n        <div class=\"aux-media-image \" >\n        \n            \n\n            \n            <img fetchpriority=\"high\" decoding=\"async\" width=\"1956\" height=\"934\" src=\"data:image\/gif;base64,R0lGODlhAQABAIAAAAAAAP\/\/\/yH5BAEAAAAALAAAAAABAAEAAAIBRAA7\" class=\"aux-attachment aux-featured-image aux-attachment-id-1187 aux-preload aux-blank\" alt=\"Ceg\u0142a10\" data-ratio=\"2.09\" data-original-w=\"1956\" data-src=\"https:\/\/wolszon.pl\/wp-content\/uploads\/2023\/10\/Cegla10-2.jpg\" \/>            \n                <\/div>\n    <\/div>\n\n<\/section><!-- widget-container -->\t\t<\/div>\n\t\t\t\t<\/div>\n\t\t\t\t\t<\/div>\n\t\t<\/div>\n\t\t\t\t\t<\/div>\n\t\t<\/section>\n\t\t\t\t<section class=\"elementor-section elementor-top-section elementor-element elementor-element-1e14d62 elementor-section-boxed elementor-section-height-default elementor-section-height-default\" data-id=\"1e14d62\" data-element_type=\"section\">\n\t\t\t\t\t\t<div class=\"elementor-container elementor-column-gap-default\">\n\t\t\t\t\t<div class=\"aux-parallax-section elementor-column elementor-col-100 elementor-top-column elementor-element elementor-element-35ca0c5\" data-id=\"35ca0c5\" data-element_type=\"column\">\n\t\t\t<div class=\"elementor-widget-wrap elementor-element-populated\">\n\t\t\t\t\t\t<div class=\"elementor-element elementor-element-ac0f21d elementor-widget elementor-widget-heading\" data-id=\"ac0f21d\" data-element_type=\"widget\" data-widget_type=\"heading.default\">\n\t\t\t\t<div class=\"elementor-widget-container\">\n\t\t\t<h2 class=\"elementor-heading-title elementor-size-default\">Pr\u00f3bki Ceg\u0142y <\/h2>\t\t<\/div>\n\t\t\t\t<\/div>\n\t\t\t\t\t<\/div>\n\t\t<\/div>\n\t\t\t\t\t<\/div>\n\t\t<\/section>\n\t\t\t\t<section class=\"elementor-section elementor-top-section elementor-element elementor-element-6d82e92 elementor-section-boxed elementor-section-height-default elementor-section-height-default\" data-id=\"6d82e92\" data-element_type=\"section\">\n\t\t\t\t\t\t<div class=\"elementor-container elementor-column-gap-default\">\n\t\t\t\t\t<div class=\"aux-parallax-section elementor-column elementor-col-100 elementor-top-column elementor-element elementor-element-e6cb212\" data-id=\"e6cb212\" data-element_type=\"column\">\n\t\t\t<div class=\"elementor-widget-wrap elementor-element-populated\">\n\t\t\t\t\t\t<div class=\"elementor-element elementor-element-53765de gallery-spacing-custom elementor-widget elementor-widget-image-gallery\" data-id=\"53765de\" data-element_type=\"widget\" data-widget_type=\"image-gallery.default\">\n\t\t\t\t<div class=\"elementor-widget-container\">\n\t\t\t\t\t<div class=\"elementor-image-gallery\">\n\t\t\t<div id='gallery-1' class='gallery galleryid-1113 gallery-columns-3 gallery-size-full'><figure class='gallery-item'>\n\t\t\t<div class='gallery-icon landscape'>\n\t\t\t\t<a data-elementor-open-lightbox=\"yes\" data-elementor-lightbox-slideshow=\"53765de\" data-elementor-lightbox-title=\"Ceg\u0142a11\" data-e-action-hash=\"#elementor-action%3Aaction%3Dlightbox%26settings%3DeyJpZCI6MTMyNCwidXJsIjoiaHR0cHM6XC9cL3dvbHN6b24ucGxcL3dwLWNvbnRlbnRcL3VwbG9hZHNcLzIwMjNcLzEwXC9DZWdsYTExLTItZTE2OTY1MDk3OTI0MDUuanBnIiwic2xpZGVzaG93IjoiNTM3NjVkZSJ9\" href='https:\/\/wolszon.pl\/wp-content\/uploads\/2023\/10\/Cegla11-2-e1696509792405.jpg'><img decoding=\"async\" width=\"2048\" height=\"1151\" src=\"https:\/\/wolszon.pl\/wp-content\/uploads\/2023\/10\/Cegla11-2-e1696509792405.jpg\" class=\"attachment-full size-full\" alt=\"\" srcset=\"https:\/\/wolszon.pl\/wp-content\/uploads\/2023\/10\/Cegla11-2-e1696509792405.jpg 2048w, https:\/\/wolszon.pl\/wp-content\/uploads\/2023\/10\/Cegla11-2-e1696509792405-1536x863.jpg 1536w, https:\/\/wolszon.pl\/wp-content\/uploads\/2023\/10\/Cegla11-2-e1696509792405-200x112.jpg 200w\" sizes=\"(max-width: 2048px) 100vw, 2048px\" \/><\/a>\n\t\t\t<\/div><\/figure><figure class='gallery-item'>\n\t\t\t<div class='gallery-icon landscape'>\n\t\t\t\t<a data-elementor-open-lightbox=\"yes\" data-elementor-lightbox-slideshow=\"53765de\" data-elementor-lightbox-title=\"Ceg\u0142a12\" data-e-action-hash=\"#elementor-action%3Aaction%3Dlightbox%26settings%3DeyJpZCI6MTMyNSwidXJsIjoiaHR0cHM6XC9cL3dvbHN6b24ucGxcL3dwLWNvbnRlbnRcL3VwbG9hZHNcLzIwMjNcLzEwXC9DZWdsYTEyLTItZTE2OTY1MDk4MDI1MDIuanBnIiwic2xpZGVzaG93IjoiNTM3NjVkZSJ9\" href='https:\/\/wolszon.pl\/wp-content\/uploads\/2023\/10\/Cegla12-2-e1696509802502.jpg'><img decoding=\"async\" width=\"1655\" height=\"931\" src=\"https:\/\/wolszon.pl\/wp-content\/uploads\/2023\/10\/Cegla12-2-e1696509802502.jpg\" class=\"attachment-full size-full\" alt=\"\" srcset=\"https:\/\/wolszon.pl\/wp-content\/uploads\/2023\/10\/Cegla12-2-e1696509802502.jpg 1655w, https:\/\/wolszon.pl\/wp-content\/uploads\/2023\/10\/Cegla12-2-e1696509802502-1536x864.jpg 1536w, https:\/\/wolszon.pl\/wp-content\/uploads\/2023\/10\/Cegla12-2-e1696509802502-200x113.jpg 200w\" sizes=\"(max-width: 1655px) 100vw, 1655px\" \/><\/a>\n\t\t\t<\/div><\/figure><figure class='gallery-item'>\n\t\t\t<div class='gallery-icon landscape'>\n\t\t\t\t<a data-elementor-open-lightbox=\"yes\" data-elementor-lightbox-slideshow=\"53765de\" data-elementor-lightbox-title=\"Ceg\u0142a1\" data-e-action-hash=\"#elementor-action%3Aaction%3Dlightbox%26settings%3DeyJpZCI6MTMyNiwidXJsIjoiaHR0cHM6XC9cL3dvbHN6b24ucGxcL3dwLWNvbnRlbnRcL3VwbG9hZHNcLzIwMjNcLzEwXC9DZWdsYTEtMy1lMTY5NjUwOTgxNDM2MC5qcGciLCJzbGlkZXNob3ciOiI1Mzc2NWRlIn0%3D\" href='https:\/\/wolszon.pl\/wp-content\/uploads\/2023\/10\/Cegla1-3-e1696509814360.jpg'><img loading=\"lazy\" decoding=\"async\" width=\"2048\" height=\"1134\" src=\"https:\/\/wolszon.pl\/wp-content\/uploads\/2023\/10\/Cegla1-3-e1696509814360.jpg\" class=\"attachment-full size-full\" alt=\"\" srcset=\"https:\/\/wolszon.pl\/wp-content\/uploads\/2023\/10\/Cegla1-3-e1696509814360.jpg 2048w, https:\/\/wolszon.pl\/wp-content\/uploads\/2023\/10\/Cegla1-3-e1696509814360-1536x851.jpg 1536w, https:\/\/wolszon.pl\/wp-content\/uploads\/2023\/10\/Cegla1-3-e1696509814360-200x111.jpg 200w\" sizes=\"(max-width: 2048px) 100vw, 2048px\" \/><\/a>\n\t\t\t<\/div><\/figure><figure class='gallery-item'>\n\t\t\t<div class='gallery-icon landscape'>\n\t\t\t\t<a data-elementor-open-lightbox=\"yes\" data-elementor-lightbox-slideshow=\"53765de\" data-elementor-lightbox-title=\"ceg\u0142a3\" data-e-action-hash=\"#elementor-action%3Aaction%3Dlightbox%26settings%3DeyJpZCI6MTMyNywidXJsIjoiaHR0cHM6XC9cL3dvbHN6b24ucGxcL3dwLWNvbnRlbnRcL3VwbG9hZHNcLzIwMjNcLzEwXC9jZWdsYTMtMi1lMTY5NjUwOTgzNjc1MS5qcGciLCJzbGlkZXNob3ciOiI1Mzc2NWRlIn0%3D\" href='https:\/\/wolszon.pl\/wp-content\/uploads\/2023\/10\/cegla3-2-e1696509836751.jpg'><img loading=\"lazy\" decoding=\"async\" width=\"2048\" height=\"1151\" src=\"https:\/\/wolszon.pl\/wp-content\/uploads\/2023\/10\/cegla3-2-e1696509836751.jpg\" class=\"attachment-full size-full\" alt=\"\" srcset=\"https:\/\/wolszon.pl\/wp-content\/uploads\/2023\/10\/cegla3-2-e1696509836751.jpg 2048w, https:\/\/wolszon.pl\/wp-content\/uploads\/2023\/10\/cegla3-2-e1696509836751-1536x863.jpg 1536w, https:\/\/wolszon.pl\/wp-content\/uploads\/2023\/10\/cegla3-2-e1696509836751-200x112.jpg 200w\" sizes=\"(max-width: 2048px) 100vw, 2048px\" \/><\/a>\n\t\t\t<\/div><\/figure><figure class='gallery-item'>\n\t\t\t<div class='gallery-icon landscape'>\n\t\t\t\t<a data-elementor-open-lightbox=\"yes\" data-elementor-lightbox-slideshow=\"53765de\" data-elementor-lightbox-title=\"ceg\u0142a4\" data-e-action-hash=\"#elementor-action%3Aaction%3Dlightbox%26settings%3DeyJpZCI6MTMyOCwidXJsIjoiaHR0cHM6XC9cL3dvbHN6b24ucGxcL3dwLWNvbnRlbnRcL3VwbG9hZHNcLzIwMjNcLzEwXC9jZWdsYTQtMi1lMTY5NjUwOTg0OTI1MS5qcGciLCJzbGlkZXNob3ciOiI1Mzc2NWRlIn0%3D\" href='https:\/\/wolszon.pl\/wp-content\/uploads\/2023\/10\/cegla4-2-e1696509849251.jpg'><img loading=\"lazy\" decoding=\"async\" width=\"2048\" height=\"1151\" src=\"https:\/\/wolszon.pl\/wp-content\/uploads\/2023\/10\/cegla4-2-e1696509849251.jpg\" class=\"attachment-full size-full\" alt=\"\" srcset=\"https:\/\/wolszon.pl\/wp-content\/uploads\/2023\/10\/cegla4-2-e1696509849251.jpg 2048w, https:\/\/wolszon.pl\/wp-content\/uploads\/2023\/10\/cegla4-2-e1696509849251-1536x863.jpg 1536w, https:\/\/wolszon.pl\/wp-content\/uploads\/2023\/10\/cegla4-2-e1696509849251-200x112.jpg 200w\" sizes=\"(max-width: 2048px) 100vw, 2048px\" \/><\/a>\n\t\t\t<\/div><\/figure><figure class='gallery-item'>\n\t\t\t<div class='gallery-icon landscape'>\n\t\t\t\t<a data-elementor-open-lightbox=\"yes\" data-elementor-lightbox-slideshow=\"53765de\" data-elementor-lightbox-title=\"ceg\u0142a6\" data-e-action-hash=\"#elementor-action%3Aaction%3Dlightbox%26settings%3DeyJpZCI6MTMyOSwidXJsIjoiaHR0cHM6XC9cL3dvbHN6b24ucGxcL3dwLWNvbnRlbnRcL3VwbG9hZHNcLzIwMjNcLzEwXC9jZWdsYTYtMy1lMTY5NjUwOTg2NTc1Ni5qcGciLCJzbGlkZXNob3ciOiI1Mzc2NWRlIn0%3D\" href='https:\/\/wolszon.pl\/wp-content\/uploads\/2023\/10\/cegla6-3-e1696509865756.jpg'><img loading=\"lazy\" decoding=\"async\" width=\"2048\" height=\"1151\" src=\"https:\/\/wolszon.pl\/wp-content\/uploads\/2023\/10\/cegla6-3-e1696509865756.jpg\" class=\"attachment-full size-full\" alt=\"\" srcset=\"https:\/\/wolszon.pl\/wp-content\/uploads\/2023\/10\/cegla6-3-e1696509865756.jpg 2048w, https:\/\/wolszon.pl\/wp-content\/uploads\/2023\/10\/cegla6-3-e1696509865756-1536x863.jpg 1536w, https:\/\/wolszon.pl\/wp-content\/uploads\/2023\/10\/cegla6-3-e1696509865756-200x112.jpg 200w\" sizes=\"(max-width: 2048px) 100vw, 2048px\" \/><\/a>\n\t\t\t<\/div><\/figure><figure class='gallery-item'>\n\t\t\t<div class='gallery-icon landscape'>\n\t\t\t\t<a data-elementor-open-lightbox=\"yes\" data-elementor-lightbox-slideshow=\"53765de\" data-elementor-lightbox-title=\"ceg\u0142a7\" data-e-action-hash=\"#elementor-action%3Aaction%3Dlightbox%26settings%3DeyJpZCI6MTMzMCwidXJsIjoiaHR0cHM6XC9cL3dvbHN6b24ucGxcL3dwLWNvbnRlbnRcL3VwbG9hZHNcLzIwMjNcLzEwXC9jZWdsYTctMy1lMTY5NjUwOTg3ODQ0MS5qcGciLCJzbGlkZXNob3ciOiI1Mzc2NWRlIn0%3D\" href='https:\/\/wolszon.pl\/wp-content\/uploads\/2023\/10\/cegla7-3-e1696509878441.jpg'><img loading=\"lazy\" decoding=\"async\" width=\"2048\" height=\"1151\" src=\"https:\/\/wolszon.pl\/wp-content\/uploads\/2023\/10\/cegla7-3-e1696509878441.jpg\" class=\"attachment-full size-full\" alt=\"\" srcset=\"https:\/\/wolszon.pl\/wp-content\/uploads\/2023\/10\/cegla7-3-e1696509878441.jpg 2048w, https:\/\/wolszon.pl\/wp-content\/uploads\/2023\/10\/cegla7-3-e1696509878441-1536x863.jpg 1536w, https:\/\/wolszon.pl\/wp-content\/uploads\/2023\/10\/cegla7-3-e1696509878441-200x112.jpg 200w\" sizes=\"(max-width: 2048px) 100vw, 2048px\" \/><\/a>\n\t\t\t<\/div><\/figure><figure class='gallery-item'>\n\t\t\t<div class='gallery-icon landscape'>\n\t\t\t\t<a data-elementor-open-lightbox=\"yes\" data-elementor-lightbox-slideshow=\"53765de\" data-elementor-lightbox-title=\"Ceg\u0142a8\" data-e-action-hash=\"#elementor-action%3Aaction%3Dlightbox%26settings%3DeyJpZCI6MTMzMSwidXJsIjoiaHR0cHM6XC9cL3dvbHN6b24ucGxcL3dwLWNvbnRlbnRcL3VwbG9hZHNcLzIwMjNcLzEwXC9DZWdsYTgtMi1lMTY5NjUwOTg4NjY0NC5qcGciLCJzbGlkZXNob3ciOiI1Mzc2NWRlIn0%3D\" href='https:\/\/wolszon.pl\/wp-content\/uploads\/2023\/10\/Cegla8-2-e1696509886644.jpg'><img loading=\"lazy\" decoding=\"async\" width=\"1661\" height=\"905\" src=\"https:\/\/wolszon.pl\/wp-content\/uploads\/2023\/10\/Cegla8-2-e1696509886644.jpg\" class=\"attachment-full size-full\" alt=\"\" srcset=\"https:\/\/wolszon.pl\/wp-content\/uploads\/2023\/10\/Cegla8-2-e1696509886644.jpg 1661w, https:\/\/wolszon.pl\/wp-content\/uploads\/2023\/10\/Cegla8-2-e1696509886644-1536x837.jpg 1536w, https:\/\/wolszon.pl\/wp-content\/uploads\/2023\/10\/Cegla8-2-e1696509886644-200x109.jpg 200w\" sizes=\"(max-width: 1661px) 100vw, 1661px\" \/><\/a>\n\t\t\t<\/div><\/figure><figure class='gallery-item'>\n\t\t\t<div class='gallery-icon landscape'>\n\t\t\t\t<a data-elementor-open-lightbox=\"yes\" data-elementor-lightbox-slideshow=\"53765de\" data-elementor-lightbox-title=\"Ceg\u0142a9\" data-e-action-hash=\"#elementor-action%3Aaction%3Dlightbox%26settings%3DeyJpZCI6MTMzMiwidXJsIjoiaHR0cHM6XC9cL3dvbHN6b24ucGxcL3dwLWNvbnRlbnRcL3VwbG9hZHNcLzIwMjNcLzEwXC9DZWdsYTktMy1lMTY5NjUwOTkwNTU1OS5qcGciLCJzbGlkZXNob3ciOiI1Mzc2NWRlIn0%3D\" href='https:\/\/wolszon.pl\/wp-content\/uploads\/2023\/10\/Cegla9-3-e1696509905559.jpg'><img loading=\"lazy\" decoding=\"async\" width=\"2048\" height=\"1151\" src=\"https:\/\/wolszon.pl\/wp-content\/uploads\/2023\/10\/Cegla9-3-e1696509905559.jpg\" class=\"attachment-full size-full\" alt=\"\" srcset=\"https:\/\/wolszon.pl\/wp-content\/uploads\/2023\/10\/Cegla9-3-e1696509905559.jpg 2048w, https:\/\/wolszon.pl\/wp-content\/uploads\/2023\/10\/Cegla9-3-e1696509905559-1536x863.jpg 1536w, https:\/\/wolszon.pl\/wp-content\/uploads\/2023\/10\/Cegla9-3-e1696509905559-200x112.jpg 200w\" sizes=\"(max-width: 2048px) 100vw, 2048px\" \/><\/a>\n\t\t\t<\/div><\/figure><figure class='gallery-item'>\n\t\t\t<div class='gallery-icon landscape'>\n\t\t\t\t<a data-elementor-open-lightbox=\"yes\" data-elementor-lightbox-slideshow=\"53765de\" data-elementor-lightbox-title=\"Ceg\u0142a10\" data-e-action-hash=\"#elementor-action%3Aaction%3Dlightbox%26settings%3DeyJpZCI6MTMzMywidXJsIjoiaHR0cHM6XC9cL3dvbHN6b24ucGxcL3dwLWNvbnRlbnRcL3VwbG9hZHNcLzIwMjNcLzEwXC9DZWdsYTEwLTMuanBnIiwic2xpZGVzaG93IjoiNTM3NjVkZSJ9\" href='https:\/\/wolszon.pl\/wp-content\/uploads\/2023\/10\/Cegla10-3.jpg'><img loading=\"lazy\" decoding=\"async\" width=\"1956\" height=\"934\" src=\"https:\/\/wolszon.pl\/wp-content\/uploads\/2023\/10\/Cegla10-3.jpg\" class=\"attachment-full size-full\" alt=\"\" srcset=\"https:\/\/wolszon.pl\/wp-content\/uploads\/2023\/10\/Cegla10-3.jpg 1956w, https:\/\/wolszon.pl\/wp-content\/uploads\/2023\/10\/Cegla10-3-1536x733.jpg 1536w, https:\/\/wolszon.pl\/wp-content\/uploads\/2023\/10\/Cegla10-3-200x96.jpg 200w\" sizes=\"(max-width: 1956px) 100vw, 1956px\" \/><\/a>\n\t\t\t<\/div><\/figure>\n\t\t<\/div>\n\t\t<\/div>\n\t\t\t\t<\/div>\n\t\t\t\t<\/div>\n\t\t\t\t\t<\/div>\n\t\t<\/div>\n\t\t\t\t\t<\/div>\n\t\t<\/section>\n\t\t\t\t<section class=\"elementor-section elementor-top-section elementor-element elementor-element-40fbf80 elementor-section-boxed elementor-section-height-default elementor-section-height-default\" data-id=\"40fbf80\" data-element_type=\"section\">\n\t\t\t\t\t\t<div class=\"elementor-container elementor-column-gap-default\">\n\t\t\t\t\t<div class=\"aux-parallax-section elementor-column elementor-col-100 elementor-top-column elementor-element elementor-element-f647e40\" data-id=\"f647e40\" data-element_type=\"column\">\n\t\t\t<div class=\"elementor-widget-wrap\">\n\t\t\t\t\t\t\t<\/div>\n\t\t<\/div>\n\t\t\t\t\t<\/div>\n\t\t<\/section>\n\t\t\t\t<\/div>\n\t\t","protected":false},"excerpt":{"rendered":"<p>ZNAJD\u0179 SW\u00d3J KOLOR pr\u00f3bki ceg\u0142y Wybierz Pr\u00f3bki Zam\u00f3w pr\u00f3bki produktu i przekonaj si\u0119, jak efektywnie mog\u0105 odmieni\u0107 wygl\u0105d Twojego domu. Szukasz innego koloru? Wykonamy bezp\u0142atnie kolor pod Twoj\u0105 inwestycj\u0119.\u00a0 Zam\u00f3w pr\u00f3bki Pr\u00f3bki Ceg\u0142y<\/p>\n","protected":false},"author":1,"featured_media":0,"parent":0,"menu_order":0,"comment_status":"closed","ping_status":"closed","template":"","meta":{"footnotes":""},"class_list":["post-1113","page","type-page","status-publish","hentry"],"_links":{"self":[{"href":"https:\/\/wolszon.pl\/index.php\/wp-json\/wp\/v2\/pages\/1113"}],"collection":[{"href":"https:\/\/wolszon.pl\/index.php\/wp-json\/wp\/v2\/pages"}],"about":[{"href":"https:\/\/wolszon.pl\/index.php\/wp-json\/wp\/v2\/types\/page"}],"author":[{"embeddable":true,"href":"https:\/\/wolszon.pl\/index.php\/wp-json\/wp\/v2\/users\/1"}],"replies":[{"embeddable":true,"href":"https:\/\/wolszon.pl\/index.php\/wp-json\/wp\/v2\/comments?post=1113"}],"version-history":[{"count":7,"href":"https:\/\/wolszon.pl\/index.php\/wp-json\/wp\/v2\/pages\/1113\/revisions"}],"predecessor-version":[{"id":1725,"href":"https:\/\/wolszon.pl\/index.php\/wp-json\/wp\/v2\/pages\/1113\/revisions\/1725"}],"wp:attachment":[{"href":"https:\/\/wolszon.pl\/index.php\/wp-json\/wp\/v2\/media?parent=1113"}],"curies":[{"name":"wp","href":"https:\/\/api.w.org\/{rel}","templated":true}]}}