{"id":156,"date":"2023-09-25T11:22:19","date_gmt":"2023-09-25T09:22:19","guid":{"rendered":"http:\/\/serwer103124.lh.pl\/autoinstalator\/serwer103124.lh.pl\/wordpress35182\/?page_id=156"},"modified":"2024-10-30T12:41:30","modified_gmt":"2024-10-30T11:41:30","slug":"zamow-probki","status":"publish","type":"page","link":"https:\/\/wolszon.pl\/index.php\/zamow-probki\/","title":{"rendered":"Zam\u00f3w pr\u00f3bki"},"content":{"rendered":"\t\t<div data-elementor-type=\"wp-page\" data-elementor-id=\"156\" class=\"elementor elementor-156\">\n\t\t\t\t\t\t<section class=\"elementor-section elementor-top-section elementor-element elementor-element-a242c03 elementor-section-content-middle elementor-reverse-tablet elementor-reverse-mobile elementor-section-full_width elementor-section-height-default elementor-section-height-default\" data-id=\"a242c03\" data-element_type=\"section\">\n\t\t\t\t\t\t<div class=\"elementor-container elementor-column-gap-default\">\n\t\t\t\t\t<div class=\"aux-parallax-section elementor-column elementor-col-50 elementor-top-column elementor-element elementor-element-3c5a8c0\" data-id=\"3c5a8c0\" data-element_type=\"column\">\n\t\t\t<div class=\"elementor-widget-wrap elementor-element-populated\">\n\t\t\t\t\t\t<div class=\"elementor-element elementor-element-3dbdcf4 aux-appear-watch-animation aux-fade-in-up-1 elementor-widget elementor-widget-aux_modern_heading\" data-id=\"3dbdcf4\" data-element_type=\"widget\" data-widget_type=\"aux_modern_heading.default\">\n\t\t\t\t<div class=\"elementor-widget-container\">\n\t\t\t<section class=\"aux-widget-modern-heading\">\n            <div class=\"aux-widget-inner\"><h2 class=\"aux-modern-heading-primary\">SZYBKA WYSY\u0141KA<\/h2><h3 class=\"aux-modern-heading-secondary\"><span class=\"aux-head-before\">Zam\u00f3w pr\u00f3bki<\/span><\/h3><\/div>\n        <\/section>\t\t<\/div>\n\t\t\t\t<\/div>\n\t\t\t\t<div class=\"elementor-element elementor-element-f8e313f aux-appear-watch-animation aux-fade-in-up-1 elementor-widget elementor-widget-aux_text\" data-id=\"f8e313f\" data-element_type=\"widget\" data-widget_type=\"aux_text.default\">\n\t\t\t\t<div class=\"elementor-widget-container\">\n\t\t\t<section class=\"widget-container aux-widget-text aux-parent-au734ffff8\">        <div class=\"aux-widget-advanced-text aux-wrap-style-simple aux-ico-pos-left aux-text-center aux-text-resp- aux-text-color-dark aux-text-widget-bg-center  aux-text-padding-fix \" >\n        \n                            <div class=\"aux-text-widget-header \"  >\n                        <div class=\"aux-ico-box aux-ico-large aux-ico-shape-circle aux-ico-clear \">\n                                                            <span class=\"aux-ico fab fa-wpforms\" > <\/span>\n                                                    <\/div>\n                <\/div>\n            \n            <div class=\"aux-text-inner aux-text-widget-content\">\n                                <h4 class=\"col-title\">Wype\u0142nij formularz<\/h4>\n                                <div class=\"widget-content\">\n                                        <p>aby otrzyma\u0107 <strong>pr\u00f3bki<\/strong> Dekoracyjne Produkty Elewacyjne.\u00a0<\/p>                <\/div>\n                            <\/div>\n        <\/div>\n                    <div class=\"aux-text-widget-footer\">\n                <div class=\"aux-border-shape-none \">\n                                <\/div>\n            <\/div>\n        \n<\/section><!-- widget-container -->\t\t<\/div>\n\t\t\t\t<\/div>\n\t\t\t\t<div class=\"elementor-element elementor-element-764b096 aux-appear-watch-animation aux-fade-in-up-1 elementor-widget elementor-widget-aux_text\" data-id=\"764b096\" data-element_type=\"widget\" data-widget_type=\"aux_text.default\">\n\t\t\t\t<div class=\"elementor-widget-container\">\n\t\t\t<section class=\"widget-container aux-widget-text aux-parent-au0e4635ea\">        <div class=\"aux-widget-advanced-text aux-wrap-style-simple aux-ico-pos-left aux-text-center aux-text-resp- aux-text-color-dark aux-text-widget-bg-center  aux-text-padding-fix \" >\n        \n                            <div class=\"aux-text-widget-header \"  >\n                        <div class=\"aux-ico-box aux-ico-large aux-ico-shape-circle aux-ico-clear \">\n                                                            <span class=\"aux-ico fas fa-car\" > <\/span>\n                                                    <\/div>\n                <\/div>\n            \n            <div class=\"aux-text-inner aux-text-widget-content\">\n                                <h4 class=\"col-title\">Pr\u00f3bki s\u0105 darmowe<\/h4>\n                                <div class=\"widget-content\">\n                                        <p>Klient ponosi jedynie koszt <strong>20 z\u0142 za wysy\u0142k\u0119<\/strong> za pobraniem<\/p>                <\/div>\n                            <\/div>\n        <\/div>\n                    <div class=\"aux-text-widget-footer\">\n                <div class=\"aux-border-shape-none \">\n                                <\/div>\n            <\/div>\n        \n<\/section><!-- widget-container -->\t\t<\/div>\n\t\t\t\t<\/div>\n\t\t\t\t\t<\/div>\n\t\t<\/div>\n\t\t\t\t<div class=\"aux-parallax-section elementor-column elementor-col-50 elementor-top-column elementor-element elementor-element-8c38f27\" data-id=\"8c38f27\" data-element_type=\"column\">\n\t\t\t<div class=\"elementor-widget-wrap elementor-element-populated\">\n\t\t\t\t\t\t<div class=\"elementor-element elementor-element-4df62a0 aux-appear-watch-animation aux-scale-up-1 elementor-widget elementor-widget-aux_image\" data-id=\"4df62a0\" data-element_type=\"widget\" data-widget_type=\"aux_image.default\">\n\t\t\t\t<div class=\"elementor-widget-container\">\n\t\t\t<section class=\"widget-container aux-widget-image aux-alignnone aux-parent-auf170e957\">\n    <div class=\"aux-media-hint-frame \">\n        <div class=\"aux-media-image \" >\n        \n            \n\n            \n            <img fetchpriority=\"high\" decoding=\"async\" width=\"1662\" height=\"934\" src=\"data:image\/gif;base64,R0lGODlhAQABAIAAAAAAAP\/\/\/yH5BAEAAAAALAAAAAABAAEAAAIBRAA7\" class=\"aux-attachment aux-featured-image aux-attachment-id-1572 aux-preload aux-blank\" alt=\"IMG-20240605-WA0008\" data-ratio=\"1.78\" data-original-w=\"1662\" data-src=\"https:\/\/wolszon.pl\/wp-content\/uploads\/2024\/07\/IMG-20240605-WA0008-rotated.jpg\" \/>            \n                <\/div>\n    <\/div>\n\n<\/section><!-- widget-container -->\t\t<\/div>\n\t\t\t\t<\/div>\n\t\t\t\t\t<\/div>\n\t\t<\/div>\n\t\t\t\t\t<\/div>\n\t\t<\/section>\n\t\t\t\t<section class=\"elementor-section elementor-top-section elementor-element elementor-element-b7f6a6c elementor-section-full_width elementor-section-height-default elementor-section-height-default\" data-id=\"b7f6a6c\" data-element_type=\"section\">\n\t\t\t\t\t\t<div class=\"elementor-container elementor-column-gap-default\">\n\t\t\t\t\t<div class=\"aux-parallax-section elementor-column elementor-col-33 elementor-top-column elementor-element elementor-element-d04148f\" data-id=\"d04148f\" data-element_type=\"column\">\n\t\t\t<div class=\"elementor-widget-wrap elementor-element-populated\">\n\t\t\t\t\t\t<div class=\"elementor-element elementor-element-fa063cb elementor-widget elementor-widget-aux_image\" data-id=\"fa063cb\" data-element_type=\"widget\" data-widget_type=\"aux_image.default\">\n\t\t\t\t<div class=\"elementor-widget-container\">\n\t\t\t<section class=\"widget-container aux-widget-image aux-alignnone aux-parent-aua5569ce4\">\n    <div class=\"aux-media-hint-frame \">\n        <div class=\"aux-media-image \" >\n        \n            \n\n            \n            <img decoding=\"async\" width=\"35\" height=\"38\" src=\"https:\/\/wolszon.pl\/wp-content\/uploads\/2019\/12\/Path-17.svg\" class=\"aux-attachment aux-featured-image aux-attachment-id-96\" alt=\"demo-attachment-116-Path-17\" data-ratio=\"1\" data-original-w=\"35\" sizes=\"(max-width:479px) 480px,(max-width:767px) 768px,(max-width:1023px) 1024px,35px\" \/>            \n                <\/div>\n    <\/div>\n\n<\/section><!-- widget-container -->\t\t<\/div>\n\t\t\t\t<\/div>\n\t\t\t\t<div class=\"elementor-element elementor-element-bccba1e elementor-widget__width-auto elementor-widget elementor-widget-aux_image\" data-id=\"bccba1e\" data-element_type=\"widget\" data-widget_type=\"aux_image.default\">\n\t\t\t\t<div class=\"elementor-widget-container\">\n\t\t\t<section class=\"widget-container aux-widget-image aux-alignnone aux-parent-au0ad6eef8\">\n    <div class=\"aux-media-hint-frame \">\n        <div class=\"aux-media-image \" >\n        \n            \n\n            \n            <img decoding=\"async\" width=\"22\" height=\"22\" src=\"https:\/\/wolszon.pl\/wp-content\/uploads\/2019\/12\/Path-948.svg\" class=\"aux-attachment aux-featured-image aux-attachment-id-93\" alt=\"demo-attachment-119-Path-948\" data-ratio=\"1\" data-original-w=\"22\" sizes=\"(max-width:479px) 480px,(max-width:767px) 768px,(max-width:1023px) 1024px,22px\" \/>            \n                <\/div>\n    <\/div>\n\n<\/section><!-- widget-container -->\t\t<\/div>\n\t\t\t\t<\/div>\n\t\t\t\t<div class=\"elementor-element elementor-element-1fe42d9 elementor-widget__width-auto elementor-widget elementor-widget-aux_image\" data-id=\"1fe42d9\" data-element_type=\"widget\" data-widget_type=\"aux_image.default\">\n\t\t\t\t<div class=\"elementor-widget-container\">\n\t\t\t<section class=\"widget-container aux-widget-image aux-alignnone aux-parent-auae5522d3\">\n    <div class=\"aux-media-hint-frame \">\n        <div class=\"aux-media-image \" >\n        \n            \n\n            \n            <img loading=\"lazy\" decoding=\"async\" width=\"281\" height=\"281\" src=\"https:\/\/wolszon.pl\/wp-content\/uploads\/2019\/12\/Group-11.svg\" class=\"aux-attachment aux-featured-image aux-attachment-id-97\" alt=\"demo-attachment-115-Group-11\" srcset=\"https:\/\/wolszon.pl\/wp-content\/uploads\/2019\/12\/Group-11.svg 150w,https:\/\/wolszon.pl\/wp-content\/uploads\/2019\/12\/Group-11.svg 281w\" data-ratio=\"1\" data-original-w=\"281\" sizes=\"(max-width:479px) 480px,(max-width:767px) 768px,(max-width:1023px) 1024px,281px\" \/>            \n                <\/div>\n    <\/div>\n\n<\/section><!-- widget-container -->\t\t<\/div>\n\t\t\t\t<\/div>\n\t\t\t\t\t<\/div>\n\t\t<\/div>\n\t\t\t\t<div class=\"aux-parallax-section elementor-column elementor-col-33 elementor-top-column elementor-element elementor-element-320ebb9\" data-id=\"320ebb9\" data-element_type=\"column\">\n\t\t\t<div class=\"elementor-widget-wrap elementor-element-populated\">\n\t\t\t\t\t\t<div class=\"elementor-element elementor-element-e835d8a elementor-widget__width-initial elementor-widget elementor-widget-shortcode\" data-id=\"e835d8a\" data-element_type=\"widget\" data-widget_type=\"shortcode.default\">\n\t\t\t\t<div class=\"elementor-widget-container\">\n\t\t\t\t\t<div class=\"elementor-shortcode\">\n<div class=\"wpcf7 no-js\" id=\"wpcf7-f155-o1\" lang=\"pl-PL\" dir=\"ltr\">\n<div class=\"screen-reader-response\"><p role=\"status\" aria-live=\"polite\" aria-atomic=\"true\"><\/p> <ul><\/ul><\/div>\n<form action=\"\/index.php\/wp-json\/wp\/v2\/pages\/156#wpcf7-f155-o1\" method=\"post\" class=\"wpcf7-form init\" aria-label=\"Formularz kontaktowy\" novalidate=\"novalidate\" data-status=\"init\">\n<div style=\"display: none;\">\n<input type=\"hidden\" name=\"_wpcf7\" value=\"155\" \/>\n<input type=\"hidden\" name=\"_wpcf7_version\" value=\"5.9.8\" \/>\n<input type=\"hidden\" name=\"_wpcf7_locale\" value=\"pl_PL\" \/>\n<input type=\"hidden\" name=\"_wpcf7_unit_tag\" value=\"wpcf7-f155-o1\" \/>\n<input type=\"hidden\" name=\"_wpcf7_container_post\" value=\"0\" \/>\n<input type=\"hidden\" name=\"_wpcf7_posted_data_hash\" value=\"\" \/>\n<input type=\"hidden\" name=\"_wpcf7_recaptcha_response\" value=\"\" \/>\n<\/div>\n<p><label class=\"imie\"> Imi\u0119 i nazwisko<br \/>\n<span class=\"wpcf7-form-control-wrap\" data-name=\"imie\"><input size=\"40\" maxlength=\"400\" class=\"wpcf7-form-control wpcf7-text wpcf7-validates-as-required\" aria-required=\"true\" aria-invalid=\"false\" value=\"\" type=\"text\" name=\"imie\" \/><\/span><\/label>\n<\/p>\n<p><label class=\"email\">Adres email<br \/>\n<span class=\"wpcf7-form-control-wrap\" data-name=\"email\"><input size=\"40\" maxlength=\"400\" class=\"wpcf7-form-control wpcf7-email wpcf7-validates-as-required wpcf7-text wpcf7-validates-as-email\" aria-required=\"true\" aria-invalid=\"false\" value=\"\" type=\"email\" name=\"email\" \/><\/span><\/label>\n<\/p>\n<p><label class=\"miejscowosc\">Miejscowo\u015b\u0107<br \/>\n<span class=\"wpcf7-form-control-wrap\" data-name=\"miejscowosc\"><input size=\"40\" maxlength=\"400\" class=\"wpcf7-form-control wpcf7-text wpcf7-validates-as-required\" aria-required=\"true\" aria-invalid=\"false\" value=\"\" type=\"text\" name=\"miejscowosc\" \/><\/span><\/label>\n<\/p>\n<p><label class=\"kodpocztowy\">Kod pocztowy<br \/>\n<span class=\"wpcf7-form-control-wrap\" data-name=\"kod\"><input size=\"40\" maxlength=\"400\" class=\"wpcf7-form-control wpcf7-text wpcf7-validates-as-required\" aria-required=\"true\" aria-invalid=\"false\" value=\"\" type=\"text\" name=\"kod\" \/><\/span><\/label>\n<\/p>\n<p><label class=\"ulica\">Ulica<br \/>\n<span class=\"wpcf7-form-control-wrap\" data-name=\"ulica\"><input size=\"40\" maxlength=\"400\" class=\"wpcf7-form-control wpcf7-text wpcf7-validates-as-required\" aria-required=\"true\" aria-invalid=\"false\" value=\"\" type=\"text\" name=\"ulica\" \/><\/span><\/label>\n<\/p>\n<p><label class=\"numerdomu\"> Numer domu\/mieszkania<br \/>\n<span class=\"wpcf7-form-control-wrap\" data-name=\"numer\"><input size=\"40\" maxlength=\"400\" class=\"wpcf7-form-control wpcf7-text wpcf7-validates-as-required\" aria-required=\"true\" aria-invalid=\"false\" value=\"\" type=\"text\" name=\"numer\" \/><\/span><\/label>\n<\/p>\n<p><label class=\"telefon\">Tw\u00f3j numer telefonu<br \/>\n<span class=\"wpcf7-form-control-wrap\" data-name=\"telefon\"><input size=\"40\" maxlength=\"400\" class=\"wpcf7-form-control wpcf7-tel wpcf7-validates-as-required wpcf7-text wpcf7-validates-as-tel\" aria-required=\"true\" aria-invalid=\"false\" value=\"\" type=\"tel\" name=\"telefon\" \/><\/span><\/label>\n<\/p>\n<p><label class=\"produkt\">Wybierz pr\u00f3bki produktu<\/label><br \/>\n<span class=\"wpcf7-form-control-wrap\" data-name=\"produkt\"><span class=\"wpcf7-form-control wpcf7-checkbox wpcf7-validates-as-required\"><span class=\"wpcf7-list-item first\"><label><input type=\"checkbox\" name=\"produkt[]\" value=\"Deska\" \/><span class=\"wpcf7-list-item-label\">Deska<\/span><\/label><\/span><span class=\"wpcf7-list-item\"><label><input type=\"checkbox\" name=\"produkt[]\" value=\"Lamele\" \/><span class=\"wpcf7-list-item-label\">Lamele<\/span><\/label><\/span><span class=\"wpcf7-list-item\"><label><input type=\"checkbox\" name=\"produkt[]\" value=\"Ryfle\" \/><span class=\"wpcf7-list-item-label\">Ryfle<\/span><\/label><\/span><span class=\"wpcf7-list-item last\"><label><input type=\"checkbox\" name=\"produkt[]\" value=\"Ceg\u0142a\" \/><span class=\"wpcf7-list-item-label\">Ceg\u0142a<\/span><\/label><\/span><\/span><\/span>\n<\/p>\n<p>Zobacz pr\u00f3bki&nbsp;<a href=\"\/index.php\/probki-deska-elewacyjna-dekoracyjna\/\" target=\"_blank\" rel=\"noopener\">Deski Elewacyjnej&nbsp;<\/a>\n<\/p>\n<p>Zobacz pr\u00f3bki&nbsp;<a href=\"\/index.php\/probki-lamele-elewacyjne-dekoracyjne\/\" target=\"_blank\" rel=\"noopener\">Lameli Elewacyjnych &nbsp;<\/a>\n<\/p>\n<p>Zobacz pr\u00f3bki&nbsp;<a href=\"\/index.php\/probki-ryfle-elewacyjne-dekoracyjne\/\">Ryfli Elewacyjnych&nbsp;<\/a>\n<\/p>\n<p>Zobacz pr\u00f3bki&nbsp;<a href=\"\/index.php\/probki-cegla-elewacyjna-dekoracyjna\/\" target=\"_blank\" rel=\"noopener\">Ceg\u0142y Elewacyjnej&nbsp;<\/a>\n<\/p>\n<p>&nbsp;\n<\/p>\n<p><label class=\"kolor\">Jaki kolor Ci\u0119 interesuje?<\/label>\n<\/p>\n<p>Ilo\u015b\u0107 pr\u00f3bek do zam\u00f3wienia: 4 sztuki, ka\u017cda kolejna sztuka kosztuje 10 z\u0142. Kwota ta zostanie odj\u0119ta od sumy przy ewentualnym zam\u00f3wieniu.\n<\/p>\n<p><span class=\"wpcf7-form-control-wrap\" data-name=\"jakikolor\"><textarea cols=\"40\" rows=\"10\" maxlength=\"2000\" class=\"wpcf7-form-control wpcf7-textarea\" aria-invalid=\"false\" name=\"jakikolor\"><\/textarea><\/span>\n<\/p>\n<p><label class=\"zgoda\"><\/label>\n<\/p>\n<p><br \/>\n<span class=\"wpcf7-form-control-wrap\" data-name=\"koszt\"><span class=\"wpcf7-form-control wpcf7-acceptance\"><span class=\"wpcf7-list-item\"><input type=\"checkbox\" name=\"koszt\" value=\"1\" aria-invalid=\"false\" \/><\/span><\/span><\/span>&nbsp; Wysy\u0142aj\u0105c formularz, wyra\u017casz zgod\u0119 na koszt dostawy w wysoko\u015bci 20 z\u0142 pobraniowo przez kuriera. Kwota ta zostanie odj\u0119ta od sumy przy ewentualnym zam\u00f3wieniu.\n<\/p>\n<p>Ilo\u015b\u0107 pr\u00f3bek do zam\u00f3wienia: 4 sztuki, ka\u017cda kolejna sztuka kosztuje 10 z\u0142. Kwota ta zostanie odj\u0119ta od sumy przy ewentualnym zam\u00f3wieniu.\n<\/p>\n<p><label class=\"zgoda\"><\/label>\n<\/p>\n<p><br \/>\n<span class=\"wpcf7-form-control-wrap\" data-name=\"acceptance-971\"><span class=\"wpcf7-form-control wpcf7-acceptance\"><span class=\"wpcf7-list-item\"><input type=\"checkbox\" name=\"acceptance-971\" value=\"1\" aria-invalid=\"false\" \/><\/span><\/span><\/span>&nbsp; Wysy\u0142aj\u0105c formularz wyra\u017casz zgod\u0119 na przetwarzanie swoich danych osobowych przez firm\u0119 \"WOLSZON\" z siedzib\u0105 w \u017belistrzewie przy ulicy Rzucewskiej 87, w celu udzieleniu odpowiedzi i przes\u0142ania pr\u00f3bek produktu Deski Elewacyjnej Dekoracyjnej. Przys\u0142uguje Ci prawo dost\u0119pu do swoich danych osobowych oraz ich edytowania.\n<\/p>\n<p>&nbsp;\n<\/p>\n<p><input class=\"wpcf7-form-control wpcf7-submit has-spinner\" type=\"submit\" value=\"Wy\u015blij\" \/>\n<\/p><div class=\"wpcf7-response-output\" aria-hidden=\"true\"><\/div>\n<\/form>\n<\/div>\n<\/div>\n\t\t\t\t<\/div>\n\t\t\t\t<\/div>\n\t\t\t\t\t<\/div>\n\t\t<\/div>\n\t\t\t\t<div class=\"aux-parallax-section elementor-column elementor-col-33 elementor-top-column elementor-element elementor-element-69d001a\" data-id=\"69d001a\" data-element_type=\"column\">\n\t\t\t<div class=\"elementor-widget-wrap elementor-element-populated\">\n\t\t\t\t\t\t<div class=\"elementor-element elementor-element-229d7cd elementor-widget__width-auto elementor-widget elementor-widget-aux_image\" data-id=\"229d7cd\" data-element_type=\"widget\" data-widget_type=\"aux_image.default\">\n\t\t\t\t<div class=\"elementor-widget-container\">\n\t\t\t<section class=\"widget-container aux-widget-image aux-alignnone aux-parent-au6d35a32c\">\n    <div class=\"aux-media-hint-frame \">\n        <div class=\"aux-media-image \" >\n        \n            \n\n            \n            <img loading=\"lazy\" decoding=\"async\" width=\"36\" height=\"36\" src=\"https:\/\/wolszon.pl\/wp-content\/uploads\/2019\/12\/Path-18.svg\" class=\"aux-attachment aux-featured-image aux-attachment-id-94\" alt=\"demo-attachment-117-Path-18\" data-ratio=\"1\" data-original-w=\"36\" sizes=\"(max-width:479px) 480px,(max-width:767px) 768px,(max-width:1023px) 1024px,36px\" \/>            \n                <\/div>\n    <\/div>\n\n<\/section><!-- widget-container -->\t\t<\/div>\n\t\t\t\t<\/div>\n\t\t\t\t<div class=\"elementor-element elementor-element-6f525ce elementor-widget__width-auto elementor-widget elementor-widget-aux_image\" data-id=\"6f525ce\" data-element_type=\"widget\" data-widget_type=\"aux_image.default\">\n\t\t\t\t<div class=\"elementor-widget-container\">\n\t\t\t<section class=\"widget-container aux-widget-image aux-alignnone aux-parent-aue26fc315\">\n    <div class=\"aux-media-hint-frame \">\n        <div class=\"aux-media-image \" >\n        \n            \n\n            \n            <img loading=\"lazy\" decoding=\"async\" width=\"48\" height=\"48\" src=\"https:\/\/wolszon.pl\/wp-content\/uploads\/2019\/12\/Path-19.svg\" class=\"aux-attachment aux-featured-image aux-attachment-id-95\" alt=\"demo-attachment-118-Path-19\" data-ratio=\"1\" data-original-w=\"48\" sizes=\"(max-width:479px) 480px,(max-width:767px) 768px,(max-width:1023px) 1024px,48px\" \/>            \n                <\/div>\n    <\/div>\n\n<\/section><!-- widget-container -->\t\t<\/div>\n\t\t\t\t<\/div>\n\t\t\t\t\t<\/div>\n\t\t<\/div>\n\t\t\t\t\t<\/div>\n\t\t<\/section>\n\t\t\t\t<\/div>\n\t\t","protected":false},"excerpt":{"rendered":"<p>SZYBKA WYSY\u0141KA Zam\u00f3w pr\u00f3bki Wype\u0142nij formularz aby otrzyma\u0107 pr\u00f3bki Dekoracyjne Produkty Elewacyjne.\u00a0 Pr\u00f3bki s\u0105 darmowe Klient ponosi jedynie koszt 20 z\u0142 za wysy\u0142k\u0119 za pobraniem<\/p>\n","protected":false},"author":1,"featured_media":0,"parent":0,"menu_order":0,"comment_status":"closed","ping_status":"closed","template":"","meta":{"footnotes":""},"class_list":["post-156","page","type-page","status-publish","hentry"],"_links":{"self":[{"href":"https:\/\/wolszon.pl\/index.php\/wp-json\/wp\/v2\/pages\/156"}],"collection":[{"href":"https:\/\/wolszon.pl\/index.php\/wp-json\/wp\/v2\/pages"}],"about":[{"href":"https:\/\/wolszon.pl\/index.php\/wp-json\/wp\/v2\/types\/page"}],"author":[{"embeddable":true,"href":"https:\/\/wolszon.pl\/index.php\/wp-json\/wp\/v2\/users\/1"}],"replies":[{"embeddable":true,"href":"https:\/\/wolszon.pl\/index.php\/wp-json\/wp\/v2\/comments?post=156"}],"version-history":[{"count":35,"href":"https:\/\/wolszon.pl\/index.php\/wp-json\/wp\/v2\/pages\/156\/revisions"}],"predecessor-version":[{"id":1819,"href":"https:\/\/wolszon.pl\/index.php\/wp-json\/wp\/v2\/pages\/156\/revisions\/1819"}],"wp:attachment":[{"href":"https:\/\/wolszon.pl\/index.php\/wp-json\/wp\/v2\/media?parent=156"}],"curies":[{"name":"wp","href":"https:\/\/api.w.org\/{rel}","templated":true}]}}