{"id":335,"date":"2023-09-26T12:41:04","date_gmt":"2023-09-26T10:41:04","guid":{"rendered":"http:\/\/serwer103124.lh.pl\/autoinstalator\/serwer103124.lh.pl\/wordpress35182\/?page_id=335"},"modified":"2024-07-05T09:56:15","modified_gmt":"2024-07-05T07:56:15","slug":"sposob-montazu","status":"publish","type":"page","link":"https:\/\/wolszon.pl\/index.php\/sposob-montazu\/","title":{"rendered":"Spos\u00f3b monta\u017cu. Deska Elewacyjna Dekoracyjna"},"content":{"rendered":"\t\t<div data-elementor-type=\"wp-page\" data-elementor-id=\"335\" class=\"elementor elementor-335\">\n\t\t\t\t\t\t<section class=\"elementor-section elementor-top-section elementor-element elementor-element-9f2885f elementor-section-content-middle elementor-reverse-tablet elementor-reverse-mobile elementor-section-full_width elementor-section-height-default elementor-section-height-default\" data-id=\"9f2885f\" data-element_type=\"section\">\n\t\t\t\t\t\t<div class=\"elementor-container elementor-column-gap-default\">\n\t\t\t\t\t<div class=\"aux-parallax-section elementor-column elementor-col-50 elementor-top-column elementor-element elementor-element-e802d06\" data-id=\"e802d06\" data-element_type=\"column\">\n\t\t\t<div class=\"elementor-widget-wrap elementor-element-populated\">\n\t\t\t\t\t\t<div class=\"elementor-element elementor-element-60b1b22 aux-appear-watch-animation aux-fade-in-up-1 elementor-widget elementor-widget-aux_modern_heading\" data-id=\"60b1b22\" data-element_type=\"widget\" data-widget_type=\"aux_modern_heading.default\">\n\t\t\t\t<div class=\"elementor-widget-container\">\n\t\t\t<section class=\"aux-widget-modern-heading\">\n            <div class=\"aux-widget-inner\"><h2 class=\"aux-modern-heading-primary\">\u0141ATWY MONTA\u017b<\/h2><h3 class=\"aux-modern-heading-secondary\"><span class=\"aux-head-before\">Spos\u00f3b monta\u017cu<\/span><\/h3><\/div>\n        <\/section>\t\t<\/div>\n\t\t\t\t<\/div>\n\t\t\t\t<div class=\"elementor-element elementor-element-eea7fef aux-appear-watch-animation aux-fade-in-up-1 elementor-widget elementor-widget-aux_text\" data-id=\"eea7fef\" data-element_type=\"widget\" data-widget_type=\"aux_text.default\">\n\t\t\t\t<div class=\"elementor-widget-container\">\n\t\t\t<section class=\"widget-container aux-widget-text aux-parent-au9f26528f\">        <div class=\"aux-widget-advanced-text aux-wrap-style-simple aux-ico-pos-left aux-text-center aux-text-resp- aux-text-color-dark aux-text-widget-bg-center  aux-text-padding-fix \" >\n        \n                            <div class=\"aux-text-widget-header \"  >\n                        <div class=\"aux-ico-box aux-ico-large aux-ico-shape-circle aux-ico-clear \">\n                                                            <span class=\"aux-ico auxicon auxicon-light-bulb\" > <\/span>\n                                                    <\/div>\n                <\/div>\n            \n            <div class=\"aux-text-inner aux-text-widget-content\">\n                                <h4 class=\"col-title\">Swodoba monta\u017cu<\/h4>\n                                <div class=\"widget-content\">\n                                        <p>Deska Elewacyjna Dekoracyjna to produkt, kt\u00f3rego monta\u017c jest bardzo \u0142atwy.<\/p>                <\/div>\n                            <\/div>\n        <\/div>\n                    <div class=\"aux-text-widget-footer\">\n                <div class=\"aux-border-shape-none \">\n                                <\/div>\n            <\/div>\n        \n<\/section><!-- widget-container -->\t\t<\/div>\n\t\t\t\t<\/div>\n\t\t\t\t<div class=\"elementor-element elementor-element-14b2a19 aux-appear-watch-animation aux-fade-in-up-1 elementor-widget elementor-widget-aux_text\" data-id=\"14b2a19\" data-element_type=\"widget\" data-widget_type=\"aux_text.default\">\n\t\t\t\t<div class=\"elementor-widget-container\">\n\t\t\t<section class=\"widget-container aux-widget-text aux-parent-auaa9e490a\">        <div class=\"aux-widget-advanced-text aux-wrap-style-simple aux-ico-pos-left aux-text-center aux-text-resp- aux-text-color-dark aux-text-widget-bg-center  aux-text-padding-fix \" >\n        \n                            <div class=\"aux-text-widget-header \"  >\n                        <div class=\"aux-ico-box aux-ico-large aux-ico-shape-circle aux-ico-clear \">\n                                                            <span class=\"aux-ico auxicon auxicon-connection-4\" > <\/span>\n                                                    <\/div>\n                <\/div>\n            \n            <div class=\"aux-text-inner aux-text-widget-content\">\n                                <h4 class=\"col-title\">Bez podkonstrukcji<\/h4>\n                                <div class=\"widget-content\">\n                                        <p>Nie potrzeba \u015brub ani dodatkowych wzmocnie\u0144, wystarczy klej, kt\u00f3ry daj\u0119 spor\u0105 swobod\u0119.<\/p>                <\/div>\n                            <\/div>\n        <\/div>\n                    <div class=\"aux-text-widget-footer\">\n                <div class=\"aux-border-shape-none \">\n                                <\/div>\n            <\/div>\n        \n<\/section><!-- widget-container -->\t\t<\/div>\n\t\t\t\t<\/div>\n\t\t\t\t<div class=\"elementor-element elementor-element-6a916d8 aux-appear-watch-animation aux-fade-in-up-1 elementor-widget elementor-widget-aux_text\" data-id=\"6a916d8\" data-element_type=\"widget\" data-widget_type=\"aux_text.default\">\n\t\t\t\t<div class=\"elementor-widget-container\">\n\t\t\t<section class=\"widget-container aux-widget-text aux-parent-au4fbcb3e3\">        <div class=\"aux-widget-advanced-text aux-wrap-style-simple aux-ico-pos-left aux-text-center aux-text-resp- aux-text-color-dark aux-text-widget-bg-center  aux-text-padding-fix \" >\n        \n                            <div class=\"aux-text-widget-header \"  >\n                        <div class=\"aux-ico-box aux-ico-large aux-ico-shape-circle aux-ico-clear \">\n                                                            <span class=\"aux-ico fas fa-question-circle\" > <\/span>\n                                                    <\/div>\n                <\/div>\n            \n            <div class=\"aux-text-inner aux-text-widget-content\">\n                                <h4 class=\"col-title\">Pomoc<\/h4>\n                                <div class=\"widget-content\">\n                                        <p>Ka\u017cdemu klientowi s\u0142u\u017cymy fachowym doradztwem w doborze odpowiedniego koloru<\/p><p>deski jak r\u00f3wnie\u017c udzielimy wszelkich informacji na temat sposobu monta\u017cu.<\/p>                <\/div>\n                            <\/div>\n        <\/div>\n                    <div class=\"aux-text-widget-footer\">\n                <div class=\"aux-border-shape-none \">\n                                <\/div>\n            <\/div>\n        \n<\/section><!-- widget-container -->\t\t<\/div>\n\t\t\t\t<\/div>\n\t\t\t\t\t<\/div>\n\t\t<\/div>\n\t\t\t\t<div class=\"aux-parallax-section elementor-column elementor-col-50 elementor-top-column elementor-element elementor-element-08bafce\" data-id=\"08bafce\" data-element_type=\"column\">\n\t\t\t<div class=\"elementor-widget-wrap elementor-element-populated\">\n\t\t\t\t\t\t<div class=\"elementor-element elementor-element-ab671f9 aux-appear-watch-animation aux-scale-up-1 elementor-widget elementor-widget-aux_image\" data-id=\"ab671f9\" data-element_type=\"widget\" data-widget_type=\"aux_image.default\">\n\t\t\t\t<div class=\"elementor-widget-container\">\n\t\t\t<section class=\"widget-container aux-widget-image aux-alignnone aux-parent-aueaab9e44\">\n    <div class=\"aux-media-hint-frame \">\n        <div class=\"aux-media-image \" >\n        \n            \n\n            \n            <img fetchpriority=\"high\" decoding=\"async\" width=\"2048\" height=\"1314\" src=\"data:image\/gif;base64,R0lGODlhAQABAIAAAAAAAP\/\/\/yH5BAEAAAAALAAAAAABAAEAAAIBRAA7\" class=\"aux-attachment aux-featured-image aux-attachment-id-438 aux-preload aux-blank\" alt=\"bg_montaz\" data-ratio=\"1.56\" data-original-w=\"2048\" data-src=\"https:\/\/wolszon.pl\/wp-content\/uploads\/2023\/09\/bg_montaz.jpg\" \/>            \n                <\/div>\n    <\/div>\n\n<\/section><!-- widget-container -->\t\t<\/div>\n\t\t\t\t<\/div>\n\t\t\t\t\t<\/div>\n\t\t<\/div>\n\t\t\t\t\t<\/div>\n\t\t<\/section>\n\t\t\t\t<section class=\"elementor-section elementor-top-section elementor-element elementor-element-d05128c elementor-section-height-min-height aux-appear-watch-animation aux-mask-from-top elementor-section-full_width elementor-section-height-default elementor-section-items-middle\" data-id=\"d05128c\" data-element_type=\"section\" data-settings=\"{&quot;background_background&quot;:&quot;classic&quot;}\">\n\t\t\t\t\t\t<div class=\"elementor-container elementor-column-gap-default\">\n\t\t\t\t\t<div class=\"aux-parallax-section elementor-column elementor-col-100 elementor-top-column elementor-element elementor-element-cb42a16\" data-id=\"cb42a16\" data-element_type=\"column\">\n\t\t\t<div class=\"elementor-widget-wrap elementor-element-populated\">\n\t\t\t\t\t\t<div class=\"elementor-element elementor-element-dbdf478 aux-appear-watch-animation aux-fade-in-up-1 elementor-widget elementor-widget-aux_modern_heading\" data-id=\"dbdf478\" data-element_type=\"widget\" data-widget_type=\"aux_modern_heading.default\">\n\t\t\t\t<div class=\"elementor-widget-container\">\n\t\t\t<section class=\"aux-widget-modern-heading\">\n            <div class=\"aux-widget-inner\"><h2 class=\"aux-modern-heading-primary\">JEST TO \u0141ATWIEJSZE NI\u017b MY\u015aLISZ<\/h2><h3 class=\"aux-modern-heading-secondary\"><span class=\"aux-head-before\">INSTRUKCJA MONTA\u017bU<\/span><\/h3><\/div>\n        <\/section>\t\t<\/div>\n\t\t\t\t<\/div>\n\t\t\t\t<div class=\"elementor-element elementor-element-13e77f4 elementor-widget elementor-widget-aux_accordion\" data-id=\"13e77f4\" data-element_type=\"widget\" data-widget_type=\"aux_accordion.default\">\n\t\t\t\t<div class=\"elementor-widget-container\">\n\t\t\t<section class=\"widget-container aux-widget-accordion widget-toggle aux-parent-aube4eb354\" style=\"\" ><div class=\"widget-inner  aux-type-toggle\" data-toggle=\"true\"><section class=\"aux-toggle-item\"><h5 id=\"aux-toggle-header-2081\" class=\"aux-toggle-header toggle-header\" tabindex=\"2081\" role=\"tab\" aria-controls=\"aux-toggle-content-2081\" >WARUNKI ATMOSFERYCZNE<\/h5><div id=\"aux-toggle-content-2081\" class=\"aux-toggle-content toggle-content\" tabindex=\"2081\" role=\"tabpanel\" aria-labelledby=\"aux-toggle-header-2081\" ><p><ol><li>Monta\u017c zalecamy w temperaturach powy\u017cej <strong>+ 5 st.c.<\/strong><\/li><li>Monta\u017cu <strong>nie nale\u017cy<\/strong> wykonywa\u0107 w pe\u0142nym s\u0142o\u0144cu, gdy\u017c szybkie wysychanie kleju mo\u017ce spowodowa\u0107 utrat\u0119 jego parametr\u00f3w.<\/li><li>Monta\u017cu r\u00f3wnie\u017c <strong>nie nale\u017cy<\/strong> wykonywa\u0107 podczas opad\u00f3w deszczu<\/li><li>Idealne warunki atmosferyczne podczas monta\u017cu to umiarkowane nas\u0142onecznienie, <strong>brak opad\u00f3w deszczu oraz temperatura + kilkana\u015bcie st.c<\/strong><\/li><\/ol><\/p><\/div><\/section><section class=\"aux-toggle-item\"><h5 id=\"aux-toggle-header-2082\" class=\"aux-toggle-header toggle-header\" tabindex=\"2082\" role=\"tab\" aria-controls=\"aux-toggle-content-2082\" >PRZYGOTOWANIE PO TRANSPORCIE <\/h5><div id=\"aux-toggle-content-2082\" class=\"aux-toggle-content toggle-content\" tabindex=\"2082\" role=\"tabpanel\" aria-labelledby=\"aux-toggle-header-2082\" ><p>1) PRZED WYJ\u0118CIEM I ROZPROSTOWANIEM DESKI ZOSTAWI\u0106 W POMIESZCZENIU Z TEMPERATUR\u0104 POKOJOW\u0104 +20 ST.C. NA OKRES 1 DOBY<\/p><p>2) PO ROZPROSTOWANIU MO\u017bNA PRZYST\u0104PI\u0106 DO MONTA\u017bU<\/p><\/div><\/section><section class=\"aux-toggle-item\"><h5 id=\"aux-toggle-header-2083\" class=\"aux-toggle-header toggle-header\" tabindex=\"2083\" role=\"tab\" aria-controls=\"aux-toggle-content-2083\" >PRZYGOTOWANIE POD\u0141O\u017bA<\/h5><div id=\"aux-toggle-content-2083\" class=\"aux-toggle-content toggle-content\" tabindex=\"2083\" role=\"tabpanel\" aria-labelledby=\"aux-toggle-header-2083\" ><p><ol><li><b>Powierzchnie oczy\u015bci\u0107<\/b>\u00a0z wszelkich wystaj\u0105cych nier\u00f3wno\u015bci<\/li><li>Zagruntowa\u0107 powierzchnie<\/li><\/ol><\/p><\/div><\/section><section class=\"aux-toggle-item\"><h5 id=\"aux-toggle-header-2084\" class=\"aux-toggle-header toggle-header\" tabindex=\"2084\" role=\"tab\" aria-controls=\"aux-toggle-content-2084\" >NANOSZENIE KLEJU<\/h5><div id=\"aux-toggle-content-2084\" class=\"aux-toggle-content toggle-content\" tabindex=\"2084\" role=\"tabpanel\" aria-labelledby=\"aux-toggle-header-2084\" ><p><ol><li>Klej nanosi\u0107 na powierzchnie \u015bciany pac\u0105 z grzebieniem <strong>4mm w poprzek u\u0142o\u017cenia deski<\/strong><\/li><\/ol><\/p><\/div><\/section><section class=\"aux-toggle-item\"><h5 id=\"aux-toggle-header-2085\" class=\"aux-toggle-header toggle-header\" tabindex=\"2085\" role=\"tab\" aria-controls=\"aux-toggle-content-2085\" >PRZYKLEJANIE<\/h5><div id=\"aux-toggle-content-2085\" class=\"aux-toggle-content toggle-content\" tabindex=\"2085\" role=\"tabpanel\" aria-labelledby=\"aux-toggle-header-2085\" ><p><ol><li>Na naniesiony klej przy\u0142o\u017cy\u0107 desk\u0119 i docisn\u0105\u0107 metalowa lub plastikowa pac\u0105 wzd\u0142u\u017c deski po ca\u0142ej jej d\u0142ugo\u015bci\u00a0<b>uwaga! ( po doci\u015bni\u0119ciu pac\u0105 klej powinien znajdowa\u0107 si\u0119 pod ca\u0142\u0105 powierzchni\u0105 deski)<\/b><\/li><li>Wychodz\u0105c nadmiar kleju na powierzchnie deski na <b>bie\u017c\u0105co zmywa\u0107 mokr\u0105 g\u0105bk\u0105\u00a0<\/b>(zaleca si\u0119 dok\u0142adne zmycie nadmiaru kleju gdy\u017c pozosta\u0142o\u015bci kleju wp\u0142yn\u0105 nam na, jako\u015b\u0107 docelow\u0105)<\/li><li>Pozostawi\u0107 na oko\u0142o <strong>24 h do wyschni\u0119cia<\/strong><\/li><\/ol><\/p><\/div><\/section><section class=\"aux-toggle-item\"><h5 id=\"aux-toggle-header-2086\" class=\"aux-toggle-header toggle-header\" tabindex=\"2086\" role=\"tab\" aria-controls=\"aux-toggle-content-2086\" >MALOWANIE BETONLASUREM<\/h5><div id=\"aux-toggle-content-2086\" class=\"aux-toggle-content toggle-content\" tabindex=\"2086\" role=\"tabpanel\" aria-labelledby=\"aux-toggle-header-2086\" ><p><ol><li>Pierwsza warstw\u0119 nak\u0142adamy za pomoc\u0105 p\u0119dzla\u00a0<b>dobrze rozci\u0105gaj\u0105c nadmiar lazuru<\/b>\u00a0wzd\u0142u\u017c us\u0142ojenia deski ( a\u017ceby nie powsta\u0142y widoczne zatrzymania p\u0119dzla)<\/li><li>Pozostawi\u0107 do\u00a0<b>ca\u0142kowitego wyschni\u0119cia<\/b>\u00a0oko\u0142o 4-7 godzin ( w zale\u017cno\u015bci od temperatury i pogody na zewn\u0105trz)<\/li><li>Drug\u0105 warstw\u0119 nak\u0142adamy za pomoc\u0105 p\u0119dzla\u00a0<b>dobrze rozci\u0105gaj\u0105c nadmiar lazuru<\/b>\u00a0wzd\u0142u\u017c us\u0142ojenia deski ( a\u017ceby nie powsta\u0142y widoczne zatrzymania p\u0119dzla) nast\u0119pnie mo\u017cemy\u00a0<b>przetrzec nadmiar lazuru<\/b>\u00a0z powierzchni g\u0105bk\u0105 ( drugi kolor pozostanie w zag\u0142\u0119bieniach deski), ( co da nam efekt powierzchni 3d)<\/li><li><b>Wa\u017cne!<\/b>\u00a0przed malowaniem gotowej \u015bciany wpierw przygotowac sobie pr\u00f3bk\u0119 malowania na kawa\u0142ku deski ( ka\u017cdy ma inn\u0105 r\u0119k\u0119 do malowania i kolor mo\u017ce odbiega\u0107 od pr\u00f3bki \u2013 dobrze by\u0142oby a\u017ceby wszystko malowa\u0142a jedna osoba \u2013 unikniemy r\u00f3\u017cnych grubo\u015bci pow\u0142oki lazuru)<\/li><\/ol><\/p><\/div><\/section><\/div><\/section><!-- widget-container -->\t\t<\/div>\n\t\t\t\t<\/div>\n\t\t\t\t\t<\/div>\n\t\t<\/div>\n\t\t\t\t\t<\/div>\n\t\t<\/section>\n\t\t\t\t<\/div>\n\t\t","protected":false},"excerpt":{"rendered":"<p>\u0141ATWY MONTA\u017b Spos\u00f3b monta\u017cu Swodoba monta\u017cu Deska Elewacyjna Dekoracyjna to produkt, kt\u00f3rego monta\u017c jest bardzo \u0142atwy. Bez podkonstrukcji Nie potrzeba \u015brub ani dodatkowych wzmocnie\u0144, wystarczy klej, kt\u00f3ry daj\u0119 spor\u0105 swobod\u0119. Pomoc Ka\u017cdemu klientowi s\u0142u\u017cymy fachowym doradztwem w doborze odpowiedniego koloru deski jak r\u00f3wnie\u017c udzielimy wszelkich informacji na temat sposobu monta\u017cu. JEST TO \u0141ATWIEJSZE NI\u017b MY\u015aLISZ [&hellip;]<\/p>\n","protected":false},"author":1,"featured_media":0,"parent":0,"menu_order":0,"comment_status":"closed","ping_status":"closed","template":"","meta":{"footnotes":""},"class_list":["post-335","page","type-page","status-publish","hentry"],"_links":{"self":[{"href":"https:\/\/wolszon.pl\/index.php\/wp-json\/wp\/v2\/pages\/335"}],"collection":[{"href":"https:\/\/wolszon.pl\/index.php\/wp-json\/wp\/v2\/pages"}],"about":[{"href":"https:\/\/wolszon.pl\/index.php\/wp-json\/wp\/v2\/types\/page"}],"author":[{"embeddable":true,"href":"https:\/\/wolszon.pl\/index.php\/wp-json\/wp\/v2\/users\/1"}],"replies":[{"embeddable":true,"href":"https:\/\/wolszon.pl\/index.php\/wp-json\/wp\/v2\/comments?post=335"}],"version-history":[{"count":24,"href":"https:\/\/wolszon.pl\/index.php\/wp-json\/wp\/v2\/pages\/335\/revisions"}],"predecessor-version":[{"id":1453,"href":"https:\/\/wolszon.pl\/index.php\/wp-json\/wp\/v2\/pages\/335\/revisions\/1453"}],"wp:attachment":[{"href":"https:\/\/wolszon.pl\/index.php\/wp-json\/wp\/v2\/media?parent=335"}],"curies":[{"name":"wp","href":"https:\/\/api.w.org\/{rel}","templated":true}]}}